{"id":1606,"date":"2023-01-23T00:38:50","date_gmt":"2023-01-22T22:38:50","guid":{"rendered":"https:\/\/tinyhouses.travel\/?page_id=1606"},"modified":"2023-11-13T17:45:07","modified_gmt":"2023-11-13T15:45:07","slug":"tiny-commercial","status":"publish","type":"page","link":"https:\/\/tinyhouses.travel\/cz\/tiny-commercial\/","title":{"rendered":"Tiny Commercial"},"content":{"rendered":"<section class=\"l-section wpb_row us_custom_c484957d height_large\"><div class=\"l-section-h i-cf\"><div class=\"g-cols vc_row via_grid cols_3-1 laptops-cols_inherit tablets-cols_inherit mobiles-cols_1 valign_middle type_default stacking_default\"><div class=\"wpb_column vc_column_container us_custom_7e20fa79 us_animate_this\"><div class=\"vc_column-inner\"><h1 class=\"w-post-elm post_title us_custom_5064987e has_text_color entry-title color_link_inherit\">Tiny Commercial<\/h1><h1 class=\"w-text\"><span class=\"w-text-h\"><span class=\"w-text-value\">pro Va\u0161e nov\u00e9 podnik\u00e1n\u00ed<\/span><\/span><\/h1><nav class=\"g-breadcrumbs us_custom_e36a643b separator_icon align_none\"><div class=\"g-breadcrumbs-item\"><a href=\"https:\/\/tinyhouses.travel\/cz\/\">Dom\u016f<\/a><meta content=\"1\"\/><\/div><div class=\"g-breadcrumbs-separator\"><i class=\"far fa-angle-right\"><\/i><\/div><div class=\"g-breadcrumbs-item\">Str\u00e1nky<\/div><\/nav><div class=\"w-separator size_small\"><\/div><div class=\"wpb_text_column\"><div class=\"wpb_wrapper\"><p>Z dome\u010dk\u016f Mooble House m\u016f\u017eete vytvo\u0159it kr\u00e1sn\u00e9 ubytov\u00e1n\u00ed a nab\u00eddnout tak skv\u011bl\u00fd z\u00e1\u017eitek, ve kter\u00e9m budou z\u00e1kazn\u00edci c\u00edtit pocit domova s dotekem p\u0159\u00edrody.\u00a0<\/p>\n<\/div><\/div><\/div><\/div><div class=\"wpb_column vc_column_container\"><div class=\"vc_column-inner\"><\/div><\/div><\/div><\/div><\/section><section class=\"l-section wpb_row height_large\"><div class=\"l-section-h i-cf\"><div class=\"g-cols vc_row via_grid cols_1 laptops-cols_inherit tablets-cols_inherit mobiles-cols_1 valign_top type_default stacking_default\"><div class=\"wpb_column vc_column_container\"><div class=\"vc_column-inner\"><div class=\"w-grid type_grid layout_1609 cols_3 overflow_hidden\" id=\"us_grid_1\" style=\"--gap:1.5rem;\" data-filterable=\"true\"><style>@media (max-width:1024px){#us_grid_1 .w-grid-item{width:50%}}@media (max-width:600px){#us_grid_1 .w-grid-list{margin:0}#us_grid_1 .w-grid-item{width:100%;padding:0;margin-bottom:var(--gap,0px)}}.layout_1609 .w-grid-item-h{background:var(--color-content-bg);color:var(--color-content-text);border-radius:0.3rem;box-shadow:0 0.03rem 0.06rem rgba(0,0,0,0.1),0 0.1rem 0.3rem rgba(0,0,0,0.1);transition-duration:0.3s}.no-touch .layout_1609 .w-grid-item-h:hover{box-shadow:0 0.1rem 0.2rem rgba(0,0,0,0.1),0 0.33rem 1rem rgba(0,0,0,0.15);z-index:4}.layout_1609 .usg_vwrapper_1{transition-duration:0.2s}.layout_1609 .w-grid-item-h:hover .usg_vwrapper_1{}.layout_1609 .usg_vwrapper_1{background:inherit!important;padding:1rem 1.2rem 1rem 1.2rem!important}.layout_1609 .usg_post_title_1{color:var(--color-content-heading)!important;font-size:1rem!important;font-weight:700!important;margin-bottom:0.3rem!important}@media (min-width:1025px) and (max-width:1280px){.layout_1609 .usg_vwrapper_1{background:inherit!important;padding:1rem 1.2rem 1rem 1.2rem!important}.layout_1609 .usg_post_title_1{color:var(--color-content-heading)!important;font-size:1rem!important;font-weight:700!important;margin-bottom:0.3rem!important}}@media (min-width:601px) and (max-width:1024px){.layout_1609 .usg_vwrapper_1{background:inherit!important;padding:1rem 1.2rem 1rem 1.2rem!important}.layout_1609 .usg_post_title_1{color:var(--color-content-heading)!important;font-size:1rem!important;font-weight:700!important;margin-bottom:0.3rem!important}}@media (max-width:600px){.layout_1609 .usg_vwrapper_1{background:inherit!important;padding:1rem 1.2rem 1rem 1.2rem!important}.layout_1609 .usg_post_title_1{color:var(--color-content-heading)!important;font-size:1rem!important;font-weight:700!important;margin-bottom:0.3rem!important}}<\/style><div class=\"w-grid-list\">\t<article class=\"w-grid-item size_1x1 post-1856 tiny-commercial type-tiny-commercial status-publish has-post-thumbnail hentry\" data-id=\"1856\">\r\n\t\t<div class=\"w-grid-item-h\">\r\n\t\t\t\t\t\t<div class=\"w-post-elm post_image usg_post_image_1 has_ratio\"><div style=\"padding-bottom:56.25%\"><\/div><a href=\"https:\/\/tinyhouses.travel\/cz\/tiny-commercial\/farma-rita\/\" aria-label=\"Farma Rita\"><img loading=\"lazy\" decoding=\"async\" width=\"1170\" height=\"1171\" src=\"https:\/\/tinyhouses.travel\/wp-content\/uploads\/2023\/05\/IMG_2584-1.jpg\" class=\"attachment-full size-full wp-post-image\" alt=\"\" srcset=\"https:\/\/tinyhouses.travel\/wp-content\/uploads\/2023\/05\/IMG_2584-1.jpg 1170w, https:\/\/tinyhouses.travel\/wp-content\/uploads\/2023\/05\/IMG_2584-1-600x600.jpg 600w, https:\/\/tinyhouses.travel\/wp-content\/uploads\/2023\/05\/IMG_2584-1-1024x1024.jpg 1024w, https:\/\/tinyhouses.travel\/wp-content\/uploads\/2023\/05\/IMG_2584-1-300x300.jpg 300w, https:\/\/tinyhouses.travel\/wp-content\/uploads\/2023\/05\/IMG_2584-1-24x24.jpg 24w, https:\/\/tinyhouses.travel\/wp-content\/uploads\/2023\/05\/IMG_2584-1-36x36.jpg 36w, https:\/\/tinyhouses.travel\/wp-content\/uploads\/2023\/05\/IMG_2584-1-48x48.jpg 48w\" sizes=\"auto, (max-width: 1170px) 100vw, 1170px\" \/><\/a><\/div><div class=\"w-vwrapper usg_vwrapper_1 align_center valign_middle\"><h2 class=\"w-post-elm post_title usg_post_title_1 has_text_color entry-title color_link_inherit\"><a href=\"https:\/\/tinyhouses.travel\/cz\/tiny-commercial\/farma-rita\/\">Farma Rita<\/a><\/h2><a class=\"w-btn us-btn-style_3 usg_btn_1 icon_atright\" href=\"#\"><span class=\"w-btn-label\">V\u00edce<\/span><i class=\"fas fa-ellipsis-h-alt\"><\/i><\/a><\/div>\t\t<\/div>\r\n\t<\/article>\r\n\t<article class=\"w-grid-item size_1x1 post-1850 tiny-commercial type-tiny-commercial status-publish has-post-thumbnail hentry\" data-id=\"1850\">\r\n\t\t<div class=\"w-grid-item-h\">\r\n\t\t\t\t\t\t<div class=\"w-post-elm post_image usg_post_image_1 has_ratio\"><div style=\"padding-bottom:56.25%\"><\/div><a href=\"https:\/\/tinyhouses.travel\/cz\/tiny-commercial\/farma-erim\/\" aria-label=\"Farma Erim\"><img loading=\"lazy\" decoding=\"async\" width=\"1600\" height=\"1066\" src=\"https:\/\/tinyhouses.travel\/wp-content\/uploads\/2023\/05\/1_9545-1.webp\" class=\"attachment-full size-full wp-post-image\" alt=\"\" srcset=\"https:\/\/tinyhouses.travel\/wp-content\/uploads\/2023\/05\/1_9545-1.webp 1600w, https:\/\/tinyhouses.travel\/wp-content\/uploads\/2023\/05\/1_9545-1-600x400.webp 600w, https:\/\/tinyhouses.travel\/wp-content\/uploads\/2023\/05\/1_9545-1-1024x682.webp 1024w, https:\/\/tinyhouses.travel\/wp-content\/uploads\/2023\/05\/1_9545-1-24x16.webp 24w, https:\/\/tinyhouses.travel\/wp-content\/uploads\/2023\/05\/1_9545-1-36x24.webp 36w, https:\/\/tinyhouses.travel\/wp-content\/uploads\/2023\/05\/1_9545-1-48x32.webp 48w\" sizes=\"auto, (max-width: 1600px) 100vw, 1600px\" \/><\/a><\/div><div class=\"w-vwrapper usg_vwrapper_1 align_center valign_middle\"><h2 class=\"w-post-elm post_title usg_post_title_1 has_text_color entry-title color_link_inherit\"><a href=\"https:\/\/tinyhouses.travel\/cz\/tiny-commercial\/farma-erim\/\">Farma Erim<\/a><\/h2><a class=\"w-btn us-btn-style_3 usg_btn_1 icon_atright\" href=\"#\"><span class=\"w-btn-label\">V\u00edce<\/span><i class=\"fas fa-ellipsis-h-alt\"><\/i><\/a><\/div>\t\t<\/div>\r\n\t<\/article>\r\n\t<article class=\"w-grid-item size_1x1 post-1839 tiny-commercial type-tiny-commercial status-publish has-post-thumbnail hentry\" data-id=\"1839\">\r\n\t\t<div class=\"w-grid-item-h\">\r\n\t\t\t\t\t\t<div class=\"w-post-elm post_image usg_post_image_1 has_ratio\"><div style=\"padding-bottom:56.25%\"><\/div><a href=\"https:\/\/tinyhouses.travel\/cz\/tiny-commercial\/villa-la-fontana\/\" aria-label=\"Villa La Fontana\"><img loading=\"lazy\" decoding=\"async\" width=\"1600\" height=\"1069\" src=\"https:\/\/tinyhouses.travel\/wp-content\/uploads\/2023\/05\/3_37830.webp\" class=\"attachment-full size-full wp-post-image\" alt=\"\" srcset=\"https:\/\/tinyhouses.travel\/wp-content\/uploads\/2023\/05\/3_37830.webp 1600w, https:\/\/tinyhouses.travel\/wp-content\/uploads\/2023\/05\/3_37830-600x401.webp 600w, https:\/\/tinyhouses.travel\/wp-content\/uploads\/2023\/05\/3_37830-1024x684.webp 1024w, https:\/\/tinyhouses.travel\/wp-content\/uploads\/2023\/05\/3_37830-24x16.webp 24w, https:\/\/tinyhouses.travel\/wp-content\/uploads\/2023\/05\/3_37830-36x24.webp 36w, https:\/\/tinyhouses.travel\/wp-content\/uploads\/2023\/05\/3_37830-48x32.webp 48w\" sizes=\"auto, (max-width: 1600px) 100vw, 1600px\" \/><\/a><\/div><div class=\"w-vwrapper usg_vwrapper_1 align_center valign_middle\"><h2 class=\"w-post-elm post_title usg_post_title_1 has_text_color entry-title color_link_inherit\"><a href=\"https:\/\/tinyhouses.travel\/cz\/tiny-commercial\/villa-la-fontana\/\">Villa La Fontana<\/a><\/h2><a class=\"w-btn us-btn-style_3 usg_btn_1 icon_atright\" href=\"#\"><span class=\"w-btn-label\">V\u00edce<\/span><i class=\"fas fa-ellipsis-h-alt\"><\/i><\/a><\/div>\t\t<\/div>\r\n\t<\/article>\r\n<\/div><div class=\"w-grid-preloader\">\t<div class=\"g-preloader type_1\">\r\n\t\t<div><\/div>\r\n\t<\/div>\r\n\t<\/div>\t\t\t<div class=\"g-loadmore\">\r\n\t\t\t\t<div class=\"g-preloader type_1\">\r\n\t\t\t\t\t<div><\/div>\r\n\t\t\t\t<\/div>\r\n\t\t\t\t<button class=\"w-btn us-btn-style_1\">\r\n\t\t\t\t\t<span class=\"w-btn-label\">Vid\u011bt v\u00edce projekt\u016f<\/span>\r\n\t\t\t\t<\/button>\r\n\t\t\t<\/div>\r\n\t\t\t\t<div class=\"w-grid-json hidden\" onclick='return {&quot;action&quot;:&quot;us_ajax_grid&quot;,&quot;ajax_url&quot;:&quot;https:\\\/\\\/tinyhouses.travel\\\/wp-admin\\\/admin-ajax.php&quot;,&quot;infinite_scroll&quot;:0,&quot;max_num_pages&quot;:3,&quot;pagination&quot;:&quot;ajax&quot;,&quot;template_vars&quot;:{&quot;columns&quot;:&quot;3&quot;,&quot;exclude_items&quot;:&quot;none&quot;,&quot;img_size&quot;:&quot;default&quot;,&quot;ignore_items_size&quot;:0,&quot;items_layout&quot;:&quot;1609&quot;,&quot;items_offset&quot;:&quot;1&quot;,&quot;load_animation&quot;:&quot;none&quot;,&quot;overriding_link&quot;:&quot;{\\&quot;url\\&quot;:\\&quot;\\&quot;}&quot;,&quot;post_id&quot;:0,&quot;query_args&quot;:{&quot;post_type&quot;:[&quot;tiny-commercial&quot;],&quot;post_status&quot;:[&quot;publish&quot;,&quot;acf-disabled&quot;],&quot;posts_per_page&quot;:&quot;3&quot;},&quot;orderby_query_args&quot;:{&quot;orderby&quot;:{&quot;date&quot;:&quot;DESC&quot;}},&quot;type&quot;:&quot;grid&quot;,&quot;us_grid_ajax_index&quot;:1,&quot;us_grid_filter_params&quot;:[],&quot;us_grid_index&quot;:1,&quot;_us_grid_post_type&quot;:&quot;tiny-commercial&quot;,&quot;page_args&quot;:[]}}'><\/div>\r\n\t<\/div><div class=\"w-separator size_large\"><\/div><div class=\"g-cols wpb_row via_grid cols_2 laptops-cols_inherit tablets-cols_inherit mobiles-cols_1 valign_top type_default stacking_default\" style=\"--gap:3rem;\"><div class=\"wpb_column vc_column_container\"><div class=\"vc_column-inner\"><div class=\"w-image has_ratio align_none\"><div class=\"w-image-h\"><div style=\"padding-bottom:66.6667%\"><\/div><img loading=\"lazy\" decoding=\"async\" width=\"1024\" height=\"758\" src=\"https:\/\/tinyhouses.travel\/wp-content\/uploads\/2023\/05\/IMG_3389-1024x758.jpg\" class=\"attachment-large size-large\" alt=\"\" srcset=\"https:\/\/tinyhouses.travel\/wp-content\/uploads\/2023\/05\/IMG_3389-1024x758.jpg 1024w, https:\/\/tinyhouses.travel\/wp-content\/uploads\/2023\/05\/IMG_3389-600x444.jpg 600w, https:\/\/tinyhouses.travel\/wp-content\/uploads\/2023\/05\/IMG_3389-24x18.jpg 24w, https:\/\/tinyhouses.travel\/wp-content\/uploads\/2023\/05\/IMG_3389-36x27.jpg 36w, https:\/\/tinyhouses.travel\/wp-content\/uploads\/2023\/05\/IMG_3389-48x36.jpg 48w, https:\/\/tinyhouses.travel\/wp-content\/uploads\/2023\/05\/IMG_3389.jpg 1170w\" sizes=\"auto, (max-width: 1024px) 100vw, 1024px\" \/><\/div><\/div><\/div><\/div><div class=\"wpb_column vc_column_container\"><div class=\"vc_column-inner\"><h2 class=\"w-text\"><span class=\"w-text-h\"><span class=\"w-text-value\">M\u00e1te podnikatelsk\u00e9ho ducha?<\/span><\/span><\/h2><div class=\"wpb_text_column\"><div class=\"wpb_wrapper\"><blockquote>\n<p>U\u017e 2 roky provozuji mobiln\u00ed d\u016fm na kolech Krom\u011b zaj\u00edmav\u00e9ho vedlej\u0161\u00edho p\u0159\u00edjmu m\u011b d\u011bl\u00e1 \u0161\u0165astn\u00fdm i lou\u010d\u00edc\u00ed se host\u00e9, po jejich pobytu Jsem r\u00e1d, \u017ee m\u016f\u017eu uk\u00e1zat jin\u00fdm lidem tento n\u00e1\u0161 kousek nepoznan\u00e9ho r\u00e1je. formy. Mus\u00edm podtrhnout benefity jako, nov\u00fd trend bydlen\u00ed, m\u00e1lo byrokracie s \u00fa\u0159ady, dotek s p\u0159\u00edrodou, komfort domu.<\/p>\n<\/blockquote>\n<\/div><\/div><div class=\"w-separator size_medium\"><\/div><h3 class=\"w-text\"><span class=\"w-text-h\"><span class=\"w-text-value\">Nejv\u011bt\u0161\u00ed p\u0159ek\u00e1\u017eky roz\u0161\u00ed\u0159en\u00ed ubytov\u00e1n\u00ed:<\/span><\/span><\/h3><div class=\"wpb_text_column\"><div class=\"wpb_wrapper\"><ul>\n<li>Vysok\u00e9 n\u00e1klady na v\u00fdstavbu.<\/li>\n<li>Zdlouhav\u00fd a n\u00e1ro\u010dn\u00fd povolovac\u00ed proces.<\/li>\n<li>Dlouh\u00fd \u010das v\u00fdstavby.<\/li>\n<li>Chyb\u011bj\u00edc\u00ed koncept.<\/li>\n<\/ul>\n<\/div><\/div><\/div><\/div><\/div><div class=\"w-separator size_small\"><\/div><h3 class=\"w-text\"><span class=\"w-text-h\"><span class=\"w-text-value\">\u0158e\u0161en\u00ed<\/span><\/span><\/h3><div class=\"wpb_text_column\"><div class=\"wpb_wrapper\"><p>Za v\u00fdnosn\u00fdm podnikatelsk\u00fdm n\u00e1padem nemus\u00edte chodit daleko. Nab\u00edz\u00edme jedine\u010dnou a novou formu investov\u00e1n\u00ed do zaj\u00edmav\u00e9 formy ubytov\u00e1n\u00ed s domy na kolech. D\u00edky t\u011bmto mobiln\u00edm dom\u016fm s benefity karavanu a komfortem hotelu m\u016f\u017eete za\u010d\u00edt podnikat ji\u017e za 60 dn\u00ed. Domy jsou definov\u00e1ny jako obytn\u00e9 p\u0159\u00edv\u011bsy kategorie O2, maj\u00ed SPZ, RZ a VIN \u010d\u00edslo. D\u00edky tomu nepot\u0159ebujete stavebn\u00ed pozemek a ani prov\u00e1d\u011bt povolovac\u00ed procesy na \u00fa\u0159adech.<\/p>\n<p>Domy jsou zv\u00fdhodn\u011bny t\u00edm, \u017ee se m\u016f\u017ee ode\u010d\u00edst DPH a rovn\u011b\u017e je zde mo\u017enost 6 let\u00fdch odpis\u016f jako u automobil. N\u00e1vratnost investic je v rozmez\u00ed od 3 po 5 let.<\/p>\n<p>Na\u0161e domy nab\u00edz\u00ed unik\u00e1tn\u00ed mo\u017enost str\u00e1vit nezapomenutelnou dovolenou s pln\u00fdm komfortem apartm\u00e1nu. Host\u00e9 jsou ubytov\u00e1ni v dokonal\u00e9m pohodl\u00ed \u201etiny house\u201c, s klimatizac\u00ed, kompletn\u00edm vybaven\u00edm dom\u016f, kde si mohou plnohodnotn\u011b u\u017e\u00edvat okoln\u00ed prost\u0159ed\u00ed a z\u00e1rove\u0148 m\u00edt k dispozici luxusn\u00ed lo\u017enici, ob\u00fdvac\u00ed pokoj, kuchy\u0148ku a v neposledn\u00ed \u0159ad\u011b koupelnu s WC. Host\u00e9 nejsou odk\u00e1z\u00e1ni na stany, spole\u010dn\u00e9 sprchy a WC nebo doj\u00ed\u017ed\u011bn\u00ed za t\u011bmito slu\u017ebami do hlavn\u00ed budovy.<\/p>\n<p>Koncept je snadno aplikovateln\u00fd na v\u011bt\u0161in\u011b pozemk\u016f a t\u00edm p\u00e1dem se za minim\u00e1ln\u00edch investic do povolovac\u00edch \u0159\u00edzen\u00ed a minimu legislativn\u00edch bari\u00e9r da\u0159\u00ed rozjet kvalitn\u00ed dovolenkov\u00fd resort spl\u0148uj\u00edc\u00ed sv\u011btov\u00e9 standardy kvality. A\u0165 u\u017e formou roz\u0161\u00ed\u0159en\u00ed st\u00e1vaj\u00edc\u00edho podniku, nebo vytvo\u0159en\u00edm nov\u00e9ho resortu.<\/p>\n<\/div><\/div><div class=\"w-separator size_small\"><\/div><div class=\"w-separator size_medium with_line width_default thick_1 style_solid color_border align_center\"><div class=\"w-separator-h\"><\/div><\/div><div class=\"g-cols wpb_row us_custom_729091bd via_grid cols_2 laptops-cols_2 tablets-cols_1 mobiles-cols_1 valign_middle type_default reversed stacking_default\" style=\"--gap:3rem;\"><div class=\"wpb_column vc_column_container\"><div class=\"vc_column-inner\"><h2 class=\"w-text\"><span class=\"w-text-h\"><span class=\"w-text-value\">Vyd\u011bl\u00e1vat v cestovn\u00edm ruchu nebylo nikdy p\u0159ijateln\u011bj\u0161\u00ed.<\/span><\/span><\/h2><div class=\"wpb_text_column\"><div class=\"wpb_wrapper\"><p>Zapome\u0148te na nudn\u00e9 komer\u010dn\u00ed nemovitosti s dlouholetou n\u00e1vratnost\u00ed investic, tvo\u0159te n\u011bco odli\u0161n\u00e9ho, zaj\u00edmav\u00e9ho a hlavn\u011b ekonomicky p\u0159ijateln\u00e9ho. Pom\u016f\u017eeme V\u00e1m s v\u00fdb\u011brem toho spr\u00e1vn\u00e9ho produktu pro va\u0161e ubytov\u00e1n\u00ed, p\u0159ed\u00e1me know-how a marketingov\u00e9 tipy ke zv\u00fd\u0161en\u00ed z\u00e1jmu po Va\u0161em ubytov\u00e1n\u00ed.<\/p>\n<p>Ud\u011bl\u00e1me z V\u00e1s na\u0161eho exkluzivn\u00edho partnera k pron\u00e1jmu a prodeji na\u0161ich dom\u016f.<\/p>\n<\/div><\/div><\/div><\/div><div class=\"wpb_column vc_column_container\"><div class=\"vc_column-inner\"><div class=\"w-video align_none ratio_4x3 with_overlay has_iframe\" style=\"background-image:url(https:\/\/tinyhouses.travel\/wp-content\/uploads\/2023\/01\/mooblehouse-13.jpg);\" onclick=\"return {&quot;player_id&quot;:&quot;youtube-fe19&quot;,&quot;player_api&quot;:&quot;\\\/\\\/www.youtube.com\\\/player_api&quot;,&quot;player_html&quot;:&quot;&lt;div id=\\&quot;youtube-fe19\\&quot;&gt;&lt;\\\/div&gt;&lt;script&gt;\\r\\n\\t\\t\\tif ( window.USYTPlayers === undefined ) {\\r\\n\\t\\t\\t\\twindow.USYTPlayers = [];\\r\\n\\t\\t\\t}\\r\\n\\t\\t\\twindow.USYTPlayers.push( {\\r\\n\\t\\t\\t\\tplayerID: \\&quot;youtube-fe19\\&quot;,\\r\\n\\t\\t\\t\\tvideoID: \\&quot;WE2O3xCaKMQ\\&quot;,\\r\\n\\t\\t\\t\\tplayerVars: {\\&quot;autoplay\\&quot;:1,\\&quot;controls\\&quot;:1,\\&quot;origin\\&quot;:\\&quot;https:\\\\\\\/\\\\\\\/tinyhouses.travel\\\\\\\/cz\\&quot;,\\&quot;loop\\&quot;:0,\\&quot;mute\\&quot;:0,\\&quot;playlist\\&quot;:\\&quot;WE2O3xCaKMQ\\&quot;}\\r\\n\\t\\t\\t} );\\r\\n\\t\\t\\tif ( window.USYTInited === undefined ) {\\r\\n\\t\\t\\t\\t\\\/\\\/ Trying to override other possible WP YT API calls if our element is used\\r\\n\\t\\t\\t\\twindow.USYTInited = true;\\r\\n\\t\\t\\t\\twindow.onYouTubePlayerAPIReady = function() {\\r\\n\\t\\t\\t\\t\\tfor ( var i in window.USYTPlayers ) {\\r\\n\\t\\t\\t\\t\\t\\tvar _playerParams = window.USYTPlayers[ i ];\\r\\n\\t\\t\\t\\t\\t\\t$us.YTPlayers[ _playerParams.playerID ] = new YT.Player( _playerParams.playerID, {\\r\\n\\t\\t\\t\\t\\t\\t\\tvideoId: _playerParams.videoID,\\r\\n\\t\\t\\t\\t\\t\\t\\tplayerVars: _playerParams.playerVars\\r\\n\\t\\t\\t\\t\\t\\t} );\\r\\n\\t\\t\\t\\t\\t}\\r\\n\\t\\t\\t\\t}\\r\\n\\t\\t\\t}\\r\\n\\t\\t\\tif ( !! window.YT ) {\\r\\n\\t\\t\\t\\t$us.YTPlayers[\\&quot;youtube-fe19\\&quot;] = new YT.Player( \\&quot;youtube-fe19\\&quot;, {\\r\\n\\t\\t\\t\\t\\tvideoId: \\&quot;WE2O3xCaKMQ\\&quot;,\\r\\n\\t\\t\\t\\t\\tplayerVars: {\\&quot;autoplay\\&quot;:1,\\&quot;controls\\&quot;:1,\\&quot;origin\\&quot;:\\&quot;https:\\\\\\\/\\\\\\\/tinyhouses.travel\\\\\\\/cz\\&quot;,\\&quot;loop\\&quot;:0,\\&quot;mute\\&quot;:0,\\&quot;playlist\\&quot;:\\&quot;WE2O3xCaKMQ\\&quot;}\\r\\n\\t\\t\\t\\t} );\\r\\n\\t\\t\\t}\\r\\n\\t\\t&lt;\\\/script&gt;&quot;}\"><div class=\"w-video-h\"><\/div><div class=\"w-video-icon\" style=\"font-size:40px;background:var(--color-content-secondary);color:#fff\"><\/div><\/div><\/div><\/div><\/div><div class=\"w-separator size_large\"><\/div><h3 class=\"w-text us_custom_e93d73c3\"><span class=\"w-text-h\"><span class=\"w-text-value\">Zaujala V\u00e1s tato forma investov\u00e1n\u00ed? Nev\u00e1hejte se n\u00e1m ozvat a r\u00e1di V\u00e1m porad\u00edme.<\/span><\/span><\/h3><div class=\"g-cols wpb_row via_grid cols_1-3-1 laptops-cols_inherit tablets-cols_inherit mobiles-cols_1 valign_top type_default stacking_default\" style=\"--gap:3rem;\"><div class=\"wpb_column vc_column_container\"><div class=\"vc_column-inner\"><\/div><\/div><div class=\"wpb_column vc_column_container\"><div class=\"vc_column-inner\"><div class=\"w-html\"><div class=\"wpforms-container wpforms-container-full\" id=\"wpforms-1659\"><form id=\"wpforms-form-1659\" class=\"wpforms-validate wpforms-form wpforms-ajax-form\" data-formid=\"1659\" method=\"post\" enctype=\"multipart\/form-data\" action=\"\/cz\/wp-json\/wp\/v2\/pages\/1606\" data-token=\"3e39b723404e425ef3e87da1861e427d\" data-trp-original-action=\"\/cz\/wp-json\/wp\/v2\/pages\/1606\"><noscript class=\"wpforms-error-noscript\">Chcete-li vyplnit tento formul\u00e1\u0159, pros\u00edm povolte v prohl\u00ed\u017ee\u010di JavaScript.<\/noscript><div class=\"wpforms-field-container\"><div id=\"wpforms-1659-field_7-container\" class=\"wpforms-field wpforms-field-hidden\" data-field-id=\"7\"><input type=\"hidden\" id=\"wpforms-1659-field_7\" name=\"wpforms[fields][7]\" value=\"https:\/\/tinyhouses.travel\/cz\/wp-json\/wp\/v2\/pages\/1606\"><\/div><div id=\"wpforms-1659-field_1-container\" class=\"wpforms-field wpforms-field-text\" data-field-id=\"1\"><label class=\"wpforms-field-label\" for=\"wpforms-1659-field_1\">Jm\u00e9no <span class=\"wpforms-required-label\">*<\/span><\/label><input type=\"text\" id=\"wpforms-1659-field_1\" class=\"wpforms-field-large wpforms-field-required\" name=\"wpforms[fields][1]\" placeholder=\"Va\u0161e jm\u00e9no p\u0159\u00edpadn\u011b n\u00e1zev firmy\" required><\/div><div id=\"wpforms-1659-field_2-container\" class=\"wpforms-field wpforms-field-email\" data-field-id=\"2\"><label class=\"wpforms-field-label\" for=\"wpforms-1659-field_2\">Email <span class=\"wpforms-required-label\">*<\/span><\/label><input type=\"email\" id=\"wpforms-1659-field_2\" class=\"wpforms-field-large wpforms-field-required\" name=\"wpforms[fields][2]\" required><\/div><div id=\"wpforms-1659-field_3-container\" class=\"wpforms-field wpforms-field-phone\" data-field-id=\"3\"><label class=\"wpforms-field-label\" for=\"wpforms-1659-field_3\">Tel. \u010d\u00edslo <span class=\"wpforms-required-label\">*<\/span><\/label><input type=\"tel\" id=\"wpforms-1659-field_3\" class=\"wpforms-field-large wpforms-field-required wpforms-smart-phone-field\" data-rule-smart-phone-field=\"true\" name=\"wpforms[fields][3]\" placeholder=\"+4219\" required><\/div><div id=\"wpforms-1659-field_5-container\" class=\"wpforms-field wpforms-field-select wpforms-field-select-style-classic\" data-field-id=\"5\"><label class=\"wpforms-field-label\" for=\"wpforms-1659-field_5\">Kraj <span class=\"wpforms-required-label\">*<\/span><\/label><select id=\"wpforms-1659-field_5\" class=\"wpforms-field-large wpforms-field-required\" name=\"wpforms[fields][5]\" required=\"required\"><option value=\"Bratislavsk\u00fd\"  selected='selected'>Bratislavsk\u00fd<\/option><option value=\"Nitriansky\" >Nitransk\u00fd<\/option><option value=\"Trnavsk\u00fd\" >Trnavsk\u00fd<\/option><option value=\"Tren\u010diansky\" >Tren\u010d\u00ednsky<\/option><option value=\"\u017dilinsk\u00fd\" >\u017dilinsk\u00fd<\/option><option value=\"Banskobystrick\u00fd\" >Banskobystrick\u00fd<\/option><option value=\"Pre\u0161ovsk\u00fd\" >Pre\u0161ovsk\u00fd<\/option><option value=\"Ko\u0161ick\u00fd\" >Ko\u0161ick\u00fd<\/option><\/select><div class=\"wpforms-field-description\">S jak\u00e9ho jste pros\u00edm kraje? <\/div><\/div><div id=\"wpforms-1659-field_4-container\" class=\"wpforms-field wpforms-field-textarea\" data-field-id=\"4\"><label class=\"wpforms-field-label\" for=\"wpforms-1659-field_4\">Zpr\u00e1va<\/label><textarea id=\"wpforms-1659-field_4\" class=\"wpforms-field-medium\" name=\"wpforms[fields][4]\" placeholder=\"M\u00e1te dotazy p\u0159\u00edpadn\u011b z\u00e1jem o cenovou nab\u00eddku \u010di konzultaci? Napi\u0161te n\u00e1m ... \" ><\/textarea><\/div><div id=\"wpforms-1659-field_6-container\" class=\"wpforms-field wpforms-field-checkbox\" data-field-id=\"6\"><label class=\"wpforms-field-label wpforms-label-hide\" for=\"wpforms-1659-field_6\">Ochrana osobn\u00edch \u00fadaj\u016f <span class=\"wpforms-required-label\">*<\/span><\/label><ul id=\"wpforms-1659-field_6\" class=\"wpforms-field-required\"><li class=\"choice-1 depth-1\"><input type=\"checkbox\" id=\"wpforms-1659-field_6_1\" name=\"wpforms[fields][6][]\" value=\"Obozn\u00e1mil som sa a s\u00fahlas\u00edm s &lt;a href=&quot;\/ochrana-osobnych-udajov\/&quot; target=&quot;_blank&quot;&gt;spracovan\u00edm osobn\u00fdch \u00fadajov&lt;\/a&gt; \" required><label class=\"wpforms-field-label-inline\" for=\"wpforms-1659-field_6_1\">Sezn\u00e1mil jsem se a souhlas\u00edm s <a href=\"\/cz\/ochrana-osobnych-udajov\/\" target=\"_blank\">zpracov\u00e1n\u00edm osobn\u00edch \u00fadaj\u016f<\/a> <\/label><\/li><\/ul><\/div><\/div><input type=\"hidden\" name=\"wpforms[recaptcha]\" value=\"\"><div class=\"wpforms-submit-container\"><input type=\"hidden\" name=\"wpforms[id]\" value=\"1659\"><input type=\"hidden\" name=\"wpforms[author]\" value=\"4\"><button type=\"submit\" name=\"wpforms[submit]\" id=\"wpforms-submit-1659\" class=\"wpforms-submit\" data-alt-text=\"Odosielam ...\" data-submit-text=\"Odosla\u0165 spr\u00e1vu\" aria-live=\"assertive\" value=\"wpforms-submit\">Odeslat zpr\u00e1vu<\/button><img loading=\"lazy\" decoding=\"async\" src=\"https:\/\/tinyhouses.travel\/wp-content\/plugins\/wpforms\/assets\/images\/submit-spin.svg\" class=\"wpforms-submit-spinner\" style=\"display: none;\" width=\"26\" height=\"26\" alt=\"Na\u010d\u00edt\u00e1n\u00ed\"><\/div><input type=\"hidden\" name=\"trp-form-language\" value=\"cz\"\/><\/form><\/div>  <!-- .wpforms-container --><\/div><div class=\"w-separator size_medium\"><\/div><\/div><\/div><div class=\"wpb_column vc_column_container\"><div class=\"vc_column-inner\"><\/div><\/div><\/div><\/div><\/div><\/div><\/div><\/section>","protected":false},"excerpt":{"rendered":"","protected":false},"author":3,"featured_media":0,"parent":0,"menu_order":0,"comment_status":"closed","ping_status":"closed","template":"","meta":{"footnotes":""},"class_list":["post-1606","page","type-page","status-publish","hentry"],"acf":[],"_links":{"self":[{"href":"https:\/\/tinyhouses.travel\/cz\/wp-json\/wp\/v2\/pages\/1606","targetHints":{"allow":["GET"]}}],"collection":[{"href":"https:\/\/tinyhouses.travel\/cz\/wp-json\/wp\/v2\/pages"}],"about":[{"href":"https:\/\/tinyhouses.travel\/cz\/wp-json\/wp\/v2\/types\/page"}],"author":[{"embeddable":true,"href":"https:\/\/tinyhouses.travel\/cz\/wp-json\/wp\/v2\/users\/3"}],"replies":[{"embeddable":true,"href":"https:\/\/tinyhouses.travel\/cz\/wp-json\/wp\/v2\/comments?post=1606"}],"version-history":[{"count":39,"href":"https:\/\/tinyhouses.travel\/cz\/wp-json\/wp\/v2\/pages\/1606\/revisions"}],"predecessor-version":[{"id":1940,"href":"https:\/\/tinyhouses.travel\/cz\/wp-json\/wp\/v2\/pages\/1606\/revisions\/1940"}],"wp:attachment":[{"href":"https:\/\/tinyhouses.travel\/cz\/wp-json\/wp\/v2\/media?parent=1606"}],"curies":[{"name":"wp","href":"https:\/\/api.w.org\/{rel}","templated":true}]}}