{"id":1606,"date":"2023-01-23T00:38:50","date_gmt":"2023-01-22T22:38:50","guid":{"rendered":"https:\/\/tinyhouses.travel\/?page_id=1606"},"modified":"2023-11-13T17:45:07","modified_gmt":"2023-11-13T15:45:07","slug":"tiny-commercial","status":"publish","type":"page","link":"https:\/\/tinyhouses.travel\/hu\/tiny-commercial\/","title":{"rendered":"Apr\u00f3 rekl\u00e1m"},"content":{"rendered":"<section class=\"l-section wpb_row us_custom_c484957d height_large\"><div class=\"l-section-h i-cf\"><div class=\"g-cols vc_row via_grid cols_3-1 laptops-cols_inherit tablets-cols_inherit mobiles-cols_1 valign_middle type_default stacking_default\"><div class=\"wpb_column vc_column_container us_custom_7e20fa79 us_animate_this\"><div class=\"vc_column-inner\"><h1 class=\"w-post-elm post_title us_custom_5064987e has_text_color entry-title color_link_inherit\">Apr\u00f3 rekl\u00e1m<\/h1><h1 class=\"w-text\"><span class=\"w-text-h\"><span class=\"w-text-value\">\u00faj v\u00e1llalkoz\u00e1s\u00e1hoz<\/span><\/span><\/h1><nav class=\"g-breadcrumbs us_custom_e36a643b separator_icon align_none\"><div class=\"g-breadcrumbs-item\"><a href=\"https:\/\/tinyhouses.travel\/hu\/\">Otthon<\/a><meta content=\"1\"\/><\/div><div class=\"g-breadcrumbs-separator\"><i class=\"far fa-angle-right\"><\/i><\/div><div class=\"g-breadcrumbs-item\">Oldalak<\/div><\/nav><div class=\"w-separator size_small\"><\/div><div class=\"wpb_text_column\"><div class=\"wpb_wrapper\"><p>A Mooble Houses-b\u00f3l gy\u00f6ny\u00f6r\u0171 sz\u00e1ll\u00e1st hozhat l\u00e9tre, \u00e9s nagyszer\u0171 \u00e9lm\u00e9nyt k\u00edn\u00e1lhat, ahol az \u00fcgyfelek otthon \u00e9rezhetik magukat a term\u00e9szet \u00e9rint\u00e9s\u00e9vel.\u00a0<\/p>\n<\/div><\/div><\/div><\/div><div class=\"wpb_column vc_column_container\"><div class=\"vc_column-inner\"><\/div><\/div><\/div><\/div><\/section><section class=\"l-section wpb_row height_large\"><div class=\"l-section-h i-cf\"><div class=\"g-cols vc_row via_grid cols_1 laptops-cols_inherit tablets-cols_inherit mobiles-cols_1 valign_top type_default stacking_default\"><div class=\"wpb_column vc_column_container\"><div class=\"vc_column-inner\"><div class=\"w-grid type_grid layout_1609 cols_3 overflow_hidden\" id=\"us_grid_1\" style=\"--gap:1.5rem;\" data-filterable=\"true\"><style>@media (max-width:1024px){#us_grid_1 .w-grid-item{width:50%}}@media (max-width:600px){#us_grid_1 .w-grid-list{margin:0}#us_grid_1 .w-grid-item{width:100%;padding:0;margin-bottom:var(--gap,0px)}}.layout_1609 .w-grid-item-h{background:var(--color-content-bg);color:var(--color-content-text);border-radius:0.3rem;box-shadow:0 0.03rem 0.06rem rgba(0,0,0,0.1),0 0.1rem 0.3rem rgba(0,0,0,0.1);transition-duration:0.3s}.no-touch .layout_1609 .w-grid-item-h:hover{box-shadow:0 0.1rem 0.2rem rgba(0,0,0,0.1),0 0.33rem 1rem rgba(0,0,0,0.15);z-index:4}.layout_1609 .usg_vwrapper_1{transition-duration:0.2s}.layout_1609 .w-grid-item-h:hover .usg_vwrapper_1{}.layout_1609 .usg_vwrapper_1{background:inherit!important;padding:1rem 1.2rem 1rem 1.2rem!important}.layout_1609 .usg_post_title_1{color:var(--color-content-heading)!important;font-size:1rem!important;font-weight:700!important;margin-bottom:0.3rem!important}@media (min-width:1025px) and (max-width:1280px){.layout_1609 .usg_vwrapper_1{background:inherit!important;padding:1rem 1.2rem 1rem 1.2rem!important}.layout_1609 .usg_post_title_1{color:var(--color-content-heading)!important;font-size:1rem!important;font-weight:700!important;margin-bottom:0.3rem!important}}@media (min-width:601px) and (max-width:1024px){.layout_1609 .usg_vwrapper_1{background:inherit!important;padding:1rem 1.2rem 1rem 1.2rem!important}.layout_1609 .usg_post_title_1{color:var(--color-content-heading)!important;font-size:1rem!important;font-weight:700!important;margin-bottom:0.3rem!important}}@media (max-width:600px){.layout_1609 .usg_vwrapper_1{background:inherit!important;padding:1rem 1.2rem 1rem 1.2rem!important}.layout_1609 .usg_post_title_1{color:var(--color-content-heading)!important;font-size:1rem!important;font-weight:700!important;margin-bottom:0.3rem!important}}<\/style><div class=\"w-grid-list\">\t<article class=\"w-grid-item size_1x1 post-1856 tiny-commercial type-tiny-commercial status-publish has-post-thumbnail hentry\" data-id=\"1856\">\r\n\t\t<div class=\"w-grid-item-h\">\r\n\t\t\t\t\t\t<div class=\"w-post-elm post_image usg_post_image_1 has_ratio\"><div style=\"padding-bottom:56.25%\"><\/div><a href=\"https:\/\/tinyhouses.travel\/hu\/tiny-commercial\/farma-rita\/\" aria-label=\"Rita farmja\"><img loading=\"lazy\" decoding=\"async\" width=\"1170\" height=\"1171\" src=\"https:\/\/tinyhouses.travel\/wp-content\/uploads\/2023\/05\/IMG_2584-1.jpg\" class=\"attachment-full size-full wp-post-image\" alt=\"\" srcset=\"https:\/\/tinyhouses.travel\/wp-content\/uploads\/2023\/05\/IMG_2584-1.jpg 1170w, https:\/\/tinyhouses.travel\/wp-content\/uploads\/2023\/05\/IMG_2584-1-600x600.jpg 600w, https:\/\/tinyhouses.travel\/wp-content\/uploads\/2023\/05\/IMG_2584-1-1024x1024.jpg 1024w, https:\/\/tinyhouses.travel\/wp-content\/uploads\/2023\/05\/IMG_2584-1-300x300.jpg 300w, https:\/\/tinyhouses.travel\/wp-content\/uploads\/2023\/05\/IMG_2584-1-24x24.jpg 24w, https:\/\/tinyhouses.travel\/wp-content\/uploads\/2023\/05\/IMG_2584-1-36x36.jpg 36w, https:\/\/tinyhouses.travel\/wp-content\/uploads\/2023\/05\/IMG_2584-1-48x48.jpg 48w\" sizes=\"auto, (max-width: 1170px) 100vw, 1170px\" \/><\/a><\/div><div class=\"w-vwrapper usg_vwrapper_1 align_center valign_middle\"><h2 class=\"w-post-elm post_title usg_post_title_1 has_text_color entry-title color_link_inherit\"><a href=\"https:\/\/tinyhouses.travel\/hu\/tiny-commercial\/farma-rita\/\">Rita farmja<\/a><\/h2><a class=\"w-btn us-btn-style_3 usg_btn_1 icon_atright\" href=\"#\"><span class=\"w-btn-label\">T\u00f6bb<\/span><i class=\"fas fa-ellipsis-h-alt\"><\/i><\/a><\/div>\t\t<\/div>\r\n\t<\/article>\r\n\t<article class=\"w-grid-item size_1x1 post-1850 tiny-commercial type-tiny-commercial status-publish has-post-thumbnail hentry\" data-id=\"1850\">\r\n\t\t<div class=\"w-grid-item-h\">\r\n\t\t\t\t\t\t<div class=\"w-post-elm post_image usg_post_image_1 has_ratio\"><div style=\"padding-bottom:56.25%\"><\/div><a href=\"https:\/\/tinyhouses.travel\/hu\/tiny-commercial\/farma-erim\/\" aria-label=\"Erim Farm\"><img loading=\"lazy\" decoding=\"async\" width=\"1600\" height=\"1066\" src=\"https:\/\/tinyhouses.travel\/wp-content\/uploads\/2023\/05\/1_9545-1.webp\" class=\"attachment-full size-full wp-post-image\" alt=\"\" srcset=\"https:\/\/tinyhouses.travel\/wp-content\/uploads\/2023\/05\/1_9545-1.webp 1600w, https:\/\/tinyhouses.travel\/wp-content\/uploads\/2023\/05\/1_9545-1-600x400.webp 600w, https:\/\/tinyhouses.travel\/wp-content\/uploads\/2023\/05\/1_9545-1-1024x682.webp 1024w, https:\/\/tinyhouses.travel\/wp-content\/uploads\/2023\/05\/1_9545-1-24x16.webp 24w, https:\/\/tinyhouses.travel\/wp-content\/uploads\/2023\/05\/1_9545-1-36x24.webp 36w, https:\/\/tinyhouses.travel\/wp-content\/uploads\/2023\/05\/1_9545-1-48x32.webp 48w\" sizes=\"auto, (max-width: 1600px) 100vw, 1600px\" \/><\/a><\/div><div class=\"w-vwrapper usg_vwrapper_1 align_center valign_middle\"><h2 class=\"w-post-elm post_title usg_post_title_1 has_text_color entry-title color_link_inherit\"><a href=\"https:\/\/tinyhouses.travel\/hu\/tiny-commercial\/farma-erim\/\">Erim Farm<\/a><\/h2><a class=\"w-btn us-btn-style_3 usg_btn_1 icon_atright\" href=\"#\"><span class=\"w-btn-label\">T\u00f6bb<\/span><i class=\"fas fa-ellipsis-h-alt\"><\/i><\/a><\/div>\t\t<\/div>\r\n\t<\/article>\r\n\t<article class=\"w-grid-item size_1x1 post-1839 tiny-commercial type-tiny-commercial status-publish has-post-thumbnail hentry\" data-id=\"1839\">\r\n\t\t<div class=\"w-grid-item-h\">\r\n\t\t\t\t\t\t<div class=\"w-post-elm post_image usg_post_image_1 has_ratio\"><div style=\"padding-bottom:56.25%\"><\/div><a href=\"https:\/\/tinyhouses.travel\/hu\/tiny-commercial\/villa-la-fontana\/\" aria-label=\"Villa La Fontana\"><img loading=\"lazy\" decoding=\"async\" width=\"1600\" height=\"1069\" src=\"https:\/\/tinyhouses.travel\/wp-content\/uploads\/2023\/05\/3_37830.webp\" class=\"attachment-full size-full wp-post-image\" alt=\"\" srcset=\"https:\/\/tinyhouses.travel\/wp-content\/uploads\/2023\/05\/3_37830.webp 1600w, https:\/\/tinyhouses.travel\/wp-content\/uploads\/2023\/05\/3_37830-600x401.webp 600w, https:\/\/tinyhouses.travel\/wp-content\/uploads\/2023\/05\/3_37830-1024x684.webp 1024w, https:\/\/tinyhouses.travel\/wp-content\/uploads\/2023\/05\/3_37830-24x16.webp 24w, https:\/\/tinyhouses.travel\/wp-content\/uploads\/2023\/05\/3_37830-36x24.webp 36w, https:\/\/tinyhouses.travel\/wp-content\/uploads\/2023\/05\/3_37830-48x32.webp 48w\" sizes=\"auto, (max-width: 1600px) 100vw, 1600px\" \/><\/a><\/div><div class=\"w-vwrapper usg_vwrapper_1 align_center valign_middle\"><h2 class=\"w-post-elm post_title usg_post_title_1 has_text_color entry-title color_link_inherit\"><a href=\"https:\/\/tinyhouses.travel\/hu\/tiny-commercial\/villa-la-fontana\/\">Villa La Fontana<\/a><\/h2><a class=\"w-btn us-btn-style_3 usg_btn_1 icon_atright\" href=\"#\"><span class=\"w-btn-label\">T\u00f6bb<\/span><i class=\"fas fa-ellipsis-h-alt\"><\/i><\/a><\/div>\t\t<\/div>\r\n\t<\/article>\r\n<\/div><div class=\"w-grid-preloader\">\t<div class=\"g-preloader type_1\">\r\n\t\t<div><\/div>\r\n\t<\/div>\r\n\t<\/div>\t\t\t<div class=\"g-loadmore\">\r\n\t\t\t\t<div class=\"g-preloader type_1\">\r\n\t\t\t\t\t<div><\/div>\r\n\t\t\t\t<\/div>\r\n\t\t\t\t<button class=\"w-btn us-btn-style_1\">\r\n\t\t\t\t\t<span class=\"w-btn-label\">Tov\u00e1bbi projektek megtekint\u00e9se<\/span>\r\n\t\t\t\t<\/button>\r\n\t\t\t<\/div>\r\n\t\t\t\t<div class=\"w-grid-json hidden\" onclick='return {&quot;action&quot;:&quot;us_ajax_grid&quot;,&quot;ajax_url&quot;:&quot;https:\\\/\\\/tinyhouses.travel\\\/wp-admin\\\/admin-ajax.php&quot;,&quot;infinite_scroll&quot;:0,&quot;max_num_pages&quot;:3,&quot;pagination&quot;:&quot;ajax&quot;,&quot;template_vars&quot;:{&quot;columns&quot;:&quot;3&quot;,&quot;exclude_items&quot;:&quot;none&quot;,&quot;img_size&quot;:&quot;default&quot;,&quot;ignore_items_size&quot;:0,&quot;items_layout&quot;:&quot;1609&quot;,&quot;items_offset&quot;:&quot;1&quot;,&quot;load_animation&quot;:&quot;none&quot;,&quot;overriding_link&quot;:&quot;{\\&quot;url\\&quot;:\\&quot;\\&quot;}&quot;,&quot;post_id&quot;:0,&quot;query_args&quot;:{&quot;post_type&quot;:[&quot;tiny-commercial&quot;],&quot;post_status&quot;:[&quot;publish&quot;,&quot;acf-disabled&quot;],&quot;posts_per_page&quot;:&quot;3&quot;},&quot;orderby_query_args&quot;:{&quot;orderby&quot;:{&quot;date&quot;:&quot;DESC&quot;}},&quot;type&quot;:&quot;grid&quot;,&quot;us_grid_ajax_index&quot;:1,&quot;us_grid_filter_params&quot;:[],&quot;us_grid_index&quot;:1,&quot;_us_grid_post_type&quot;:&quot;tiny-commercial&quot;,&quot;page_args&quot;:[]}}'><\/div>\r\n\t<\/div><div class=\"w-separator size_large\"><\/div><div class=\"g-cols wpb_row via_grid cols_2 laptops-cols_inherit tablets-cols_inherit mobiles-cols_1 valign_top type_default stacking_default\" style=\"--gap:3rem;\"><div class=\"wpb_column vc_column_container\"><div class=\"vc_column-inner\"><div class=\"w-image has_ratio align_none\"><div class=\"w-image-h\"><div style=\"padding-bottom:66.6667%\"><\/div><img loading=\"lazy\" decoding=\"async\" width=\"1024\" height=\"758\" src=\"https:\/\/tinyhouses.travel\/wp-content\/uploads\/2023\/05\/IMG_3389-1024x758.jpg\" class=\"attachment-large size-large\" alt=\"\" srcset=\"https:\/\/tinyhouses.travel\/wp-content\/uploads\/2023\/05\/IMG_3389-1024x758.jpg 1024w, https:\/\/tinyhouses.travel\/wp-content\/uploads\/2023\/05\/IMG_3389-600x444.jpg 600w, https:\/\/tinyhouses.travel\/wp-content\/uploads\/2023\/05\/IMG_3389-24x18.jpg 24w, https:\/\/tinyhouses.travel\/wp-content\/uploads\/2023\/05\/IMG_3389-36x27.jpg 36w, https:\/\/tinyhouses.travel\/wp-content\/uploads\/2023\/05\/IMG_3389-48x36.jpg 48w, https:\/\/tinyhouses.travel\/wp-content\/uploads\/2023\/05\/IMG_3389.jpg 1170w\" sizes=\"auto, (max-width: 1024px) 100vw, 1024px\" \/><\/div><\/div><\/div><\/div><div class=\"wpb_column vc_column_container\"><div class=\"vc_column-inner\"><h2 class=\"w-text\"><span class=\"w-text-h\"><span class=\"w-text-value\">Van v\u00e1llalkoz\u00f3 szelleme?<\/span><\/span><\/h2><div class=\"wpb_text_column\"><div class=\"wpb_wrapper\"><blockquote>\n<p>2 \u00e9ve \u00fczemeltetek kerekes mobilh\u00e1zat. Az \u00e9rdekes mell\u00e9kj\u00f6vedelem mellett a tart\u00f3zkod\u00e1suk ut\u00e1n t\u00e1voz\u00f3 vend\u00e9gek is \u00f6r\u00f6met okoznak. \u00d6r\u00fcl\u00f6k, hogy m\u00e1soknak is megmutathatom ismeretlen paradicsomunk e darabj\u00e1t. Ebben a z\u0171rzavaros id\u0151szakban nekem is meg\u00e9rte befektetni egy ilyen form\u00e1ba. Hangs\u00falyoznom kell az olyan el\u0151ny\u00f6ket, mint az \u00faj lak\u00e1strend, a csek\u00e9ly b\u00fcrokr\u00e1cia a hat\u00f3s\u00e1gokkal, a term\u00e9szettel val\u00f3 kapcsolat, a h\u00e1z k\u00e9nyelme. K\u00f6sz\u00f6n\u00f6m.<\/p>\n<\/blockquote>\n<\/div><\/div><div class=\"w-separator size_medium\"><\/div><h3 class=\"w-text\"><span class=\"w-text-h\"><span class=\"w-text-value\">A sz\u00e1ll\u00e1shelyek b\u0151v\u00edt\u00e9s\u00e9nek legnagyobb akad\u00e1lyai:<\/span><\/span><\/h3><div class=\"wpb_text_column\"><div class=\"wpb_wrapper\"><ul>\n<li>Magas \u00e9p\u00edt\u00e9si k\u00f6lts\u00e9gek.<\/li>\n<li>Hosszadalmas \u00e9s neh\u00e9z enged\u00e9lyez\u00e9si elj\u00e1r\u00e1s.<\/li>\n<li>Hossz\u00fa \u00e9p\u00edt\u00e9si id\u0151.<\/li>\n<li>Hi\u00e1nyz\u00f3 koncepci\u00f3.<\/li>\n<\/ul>\n<\/div><\/div><\/div><\/div><\/div><div class=\"w-separator size_small\"><\/div><h3 class=\"w-text\"><span class=\"w-text-h\"><span class=\"w-text-value\">Megold\u00e1s<\/span><\/span><\/h3><div class=\"wpb_text_column\"><div class=\"wpb_wrapper\"><p>Nem kell messzire mennie ahhoz, hogy j\u00f6vedelmez\u0151 \u00fczleti \u00f6tletet tal\u00e1ljon. Egyed\u00fcl\u00e1ll\u00f3 \u00e9s \u00faj befektet\u00e9si form\u00e1t k\u00edn\u00e1lunk egy \u00e9rdekes sz\u00e1ll\u00e1sform\u00e1ba mobilh\u00e1zakkal. A lak\u00f3kocsi el\u0151nyeit \u00e9s a sz\u00e1lloda k\u00e9nyelm\u00e9t k\u00edn\u00e1l\u00f3 mobilh\u00e1zaknak k\u00f6sz\u00f6nhet\u0151en mind\u00f6ssze 60 nap alatt elind\u00edthatja v\u00e1llalkoz\u00e1s\u00e1t. A h\u00e1zak O2 kateg\u00f3ri\u00e1s lak\u00f3kocsinak min\u0151s\u00fclnek, rendsz\u00e1mmal, rendsz\u00e1mmal \u00e9s VIN sz\u00e1mmal rendelkeznek. Ennek k\u00f6sz\u00f6nhet\u0151en \u00d6nnek nincs sz\u00fcks\u00e9ge \u00e9p\u00edt\u00e9si telekre, \u00e9s nem kell hat\u00f3s\u00e1gi enged\u00e9lyez\u00e9si elj\u00e1r\u00e1st lefolytatnia.<\/p>\n<p>A h\u00e1zak abb\u00f3l a szempontb\u00f3l el\u0151ny\u00f6sek, hogy \u00e1fa levonhat\u00f3 \u00e9s van lehet\u0151s\u00e9g 6 \u00e9ves \u00e9rt\u00e9kcs\u00f6kken\u00e9sre is, mint egy aut\u00f3n\u00e1l. A befektet\u00e9s megt\u00e9r\u00fcl\u00e9se 3-5 \u00e9v k\u00f6z\u00f6tt mozog.<\/p>\n<p>H\u00e1zaink egyed\u00fcl\u00e1ll\u00f3 lehet\u0151s\u00e9get k\u00edn\u00e1lnak egy felejthetetlen nyaral\u00e1s elt\u00f6lt\u00e9s\u00e9re az apartman teljes k\u00e9nyelm\u00e9vel. A vend\u00e9gek egy &quot;pici h\u00e1z&quot; t\u00f6k\u00e9letes k\u00e9nyelm\u00e9ben kapnak sz\u00e1ll\u00e1st l\u00e9gkondicion\u00e1l\u00e1ssal, teljes h\u00e1zfelszerel\u00e9ssel, ahol teljes m\u00e9rt\u00e9kben \u00e9lvezhetik a k\u00f6rnyez\u0151 k\u00f6rnyezetet, ugyanakkor rendelkez\u00e9s\u00fckre \u00e1llnak egy luxus h\u00e1l\u00f3szoba, nappali, konyha \u00e9s utols\u00f3 de nem utols\u00f3sorban egy f\u00fcrd\u0151szoba WC-vel. A vend\u00e9gek nem szorulnak s\u00e1trakra, k\u00f6z\u00f6s zuhanyz\u00f3kra \u00e9s WC-kre, illetve nem kell a f\u0151\u00e9p\u00fcletbe ing\u00e1zniuk ezekhez a szolg\u00e1ltat\u00e1sokhoz.<\/p>\n<p>A koncepci\u00f3 a legt\u00f6bb telken k\u00f6nnyen alkalmazhat\u00f3, ennek eredm\u00e9nyek\u00e9nt minim\u00e1lis enged\u00e9lyez\u00e9si befektet\u00e9ssel \u00e9s minim\u00e1lis jogszab\u00e1lyi korl\u00e1tokkal egy magas sz\u00ednvonal\u00fa, vil\u00e1gmin\u0151s\u00e9gi szabv\u00e1nyoknak megfelel\u0151 \u00fcd\u00fcl\u0151hely ind\u00edthat\u00f3. Ak\u00e1r egy megl\u00e9v\u0151 v\u00e1llalkoz\u00e1s b\u0151v\u00edt\u00e9se, ak\u00e1r \u00faj \u00fcd\u00fcl\u0151hely l\u00e9trehoz\u00e1sa form\u00e1j\u00e1ban.<\/p>\n<\/div><\/div><div class=\"w-separator size_small\"><\/div><div class=\"w-separator size_medium with_line width_default thick_1 style_solid color_border align_center\"><div class=\"w-separator-h\"><\/div><\/div><div class=\"g-cols wpb_row us_custom_729091bd via_grid cols_2 laptops-cols_2 tablets-cols_1 mobiles-cols_1 valign_middle type_default reversed stacking_default\" style=\"--gap:3rem;\"><div class=\"wpb_column vc_column_container\"><div class=\"vc_column-inner\"><h2 class=\"w-text\"><span class=\"w-text-h\"><span class=\"w-text-value\">A turizmusban p\u00e9nzt keresni soha nem volt megfizethet\u0151bb.<\/span><\/span><\/h2><div class=\"wpb_text_column\"><div class=\"wpb_wrapper\"><p>Felejtsd el az unalmas, hossz\u00fa t\u00e1von megt\u00e9r\u00fcl\u0151 kereskedelmi ingatlanokat, alkoss valami m\u00e1st, \u00e9rdekeset \u00e9s mindenekel\u0151tt gazdas\u00e1gilag elfogadhat\u00f3t. Seg\u00edt\u00fcnk kiv\u00e1lasztani a sz\u00e1ll\u00e1s\u00e1hoz megfelel\u0151 term\u00e9ket, know-how-t \u00e9s marketing tippeket adunk \u00e1t, hogy n\u00f6velj\u00fck az \u00e9rdekl\u0151d\u00e9st sz\u00e1ll\u00e1sa ir\u00e1nt.<\/p>\n<p>Exkluz\u00edv partner\u00fcnkk\u00e9 v\u00e1lunk otthonaink b\u00e9rbead\u00e1s\u00e1ban \u00e9s elad\u00e1s\u00e1ban.<\/p>\n<\/div><\/div><\/div><\/div><div class=\"wpb_column vc_column_container\"><div class=\"vc_column-inner\"><div class=\"w-video align_none ratio_4x3 with_overlay has_iframe\" style=\"background-image:url(https:\/\/tinyhouses.travel\/wp-content\/uploads\/2023\/01\/mooblehouse-13.jpg);\" onclick=\"return {&quot;player_id&quot;:&quot;youtube-ib9e&quot;,&quot;player_api&quot;:&quot;\\\/\\\/www.youtube.com\\\/player_api&quot;,&quot;player_html&quot;:&quot;&lt;div id=\\&quot;youtube-ib9e\\&quot;&gt;&lt;\\\/div&gt;&lt;script&gt;\\r\\n\\t\\t\\tif ( window.USYTPlayers === undefined ) {\\r\\n\\t\\t\\t\\twindow.USYTPlayers = [];\\r\\n\\t\\t\\t}\\r\\n\\t\\t\\twindow.USYTPlayers.push( {\\r\\n\\t\\t\\t\\tplayerID: \\&quot;youtube-ib9e\\&quot;,\\r\\n\\t\\t\\t\\tvideoID: \\&quot;WE2O3xCaKMQ\\&quot;,\\r\\n\\t\\t\\t\\tplayerVars: {\\&quot;autoplay\\&quot;:1,\\&quot;controls\\&quot;:1,\\&quot;origin\\&quot;:\\&quot;https:\\\\\\\/\\\\\\\/tinyhouses.travel\\\\\\\/hu\\&quot;,\\&quot;loop\\&quot;:0,\\&quot;mute\\&quot;:0,\\&quot;playlist\\&quot;:\\&quot;WE2O3xCaKMQ\\&quot;}\\r\\n\\t\\t\\t} );\\r\\n\\t\\t\\tif ( window.USYTInited === undefined ) {\\r\\n\\t\\t\\t\\t\\\/\\\/ Trying to override other possible WP YT API calls if our element is used\\r\\n\\t\\t\\t\\twindow.USYTInited = true;\\r\\n\\t\\t\\t\\twindow.onYouTubePlayerAPIReady = function() {\\r\\n\\t\\t\\t\\t\\tfor ( var i in window.USYTPlayers ) {\\r\\n\\t\\t\\t\\t\\t\\tvar _playerParams = window.USYTPlayers[ i ];\\r\\n\\t\\t\\t\\t\\t\\t$us.YTPlayers[ _playerParams.playerID ] = new YT.Player( _playerParams.playerID, {\\r\\n\\t\\t\\t\\t\\t\\t\\tvideoId: _playerParams.videoID,\\r\\n\\t\\t\\t\\t\\t\\t\\tplayerVars: _playerParams.playerVars\\r\\n\\t\\t\\t\\t\\t\\t} );\\r\\n\\t\\t\\t\\t\\t}\\r\\n\\t\\t\\t\\t}\\r\\n\\t\\t\\t}\\r\\n\\t\\t\\tif ( !! window.YT ) {\\r\\n\\t\\t\\t\\t$us.YTPlayers[\\&quot;youtube-ib9e\\&quot;] = new YT.Player( \\&quot;youtube-ib9e\\&quot;, {\\r\\n\\t\\t\\t\\t\\tvideoId: \\&quot;WE2O3xCaKMQ\\&quot;,\\r\\n\\t\\t\\t\\t\\tplayerVars: {\\&quot;autoplay\\&quot;:1,\\&quot;controls\\&quot;:1,\\&quot;origin\\&quot;:\\&quot;https:\\\\\\\/\\\\\\\/tinyhouses.travel\\\\\\\/hu\\&quot;,\\&quot;loop\\&quot;:0,\\&quot;mute\\&quot;:0,\\&quot;playlist\\&quot;:\\&quot;WE2O3xCaKMQ\\&quot;}\\r\\n\\t\\t\\t\\t} );\\r\\n\\t\\t\\t}\\r\\n\\t\\t&lt;\\\/script&gt;&quot;}\"><div class=\"w-video-h\"><\/div><div class=\"w-video-icon\" style=\"font-size:40px;background:var(--color-content-secondary);color:#fff\"><\/div><\/div><\/div><\/div><\/div><div class=\"w-separator size_large\"><\/div><h3 class=\"w-text us_custom_e93d73c3\"><span class=\"w-text-h\"><span class=\"w-text-value\">\u00c9rdekel ez a befektet\u00e9si forma? Ne habozzon kapcsolatba l\u00e9pni vel\u00fcnk, \u00e9s sz\u00edvesen adunk tan\u00e1csot.<\/span><\/span><\/h3><div class=\"g-cols wpb_row via_grid cols_1-3-1 laptops-cols_inherit tablets-cols_inherit mobiles-cols_1 valign_top type_default stacking_default\" style=\"--gap:3rem;\"><div class=\"wpb_column vc_column_container\"><div class=\"vc_column-inner\"><\/div><\/div><div class=\"wpb_column vc_column_container\"><div class=\"vc_column-inner\"><div class=\"w-html\"><div class=\"wpforms-container wpforms-container-full\" id=\"wpforms-1659\"><form id=\"wpforms-form-1659\" class=\"wpforms-validate wpforms-form wpforms-ajax-form\" data-formid=\"1659\" method=\"post\" enctype=\"multipart\/form-data\" action=\"\/hu\/wp-json\/wp\/v2\/pages\/1606\" data-token=\"3e39b723404e425ef3e87da1861e427d\" data-trp-original-action=\"\/hu\/wp-json\/wp\/v2\/pages\/1606\"><noscript class=\"wpforms-error-noscript\">K\u00e9rj\u00fck, enged\u00e9lyezze a JavaScriptet b\u00f6ng\u00e9sz\u0151j\u00e9ben az \u0171rlap kit\u00f6lt\u00e9s\u00e9hez.<\/noscript><div class=\"wpforms-field-container\"><div id=\"wpforms-1659-field_7-container\" class=\"wpforms-field wpforms-field-hidden\" data-field-id=\"7\"><input type=\"hidden\" id=\"wpforms-1659-field_7\" name=\"wpforms[fields][7]\" value=\"https:\/\/tinyhouses.travel\/hu\/wp-json\/wp\/v2\/pages\/1606\"><\/div><div id=\"wpforms-1659-field_1-container\" class=\"wpforms-field wpforms-field-text\" data-field-id=\"1\"><label class=\"wpforms-field-label\" for=\"wpforms-1659-field_1\">N\u00e9v <span class=\"wpforms-required-label\">*<\/span><\/label><input type=\"text\" id=\"wpforms-1659-field_1\" class=\"wpforms-field-large wpforms-field-required\" name=\"wpforms[fields][1]\" placeholder=\"Az \u00d6n neve vagy c\u00e9gneve\" required><\/div><div id=\"wpforms-1659-field_2-container\" class=\"wpforms-field wpforms-field-email\" data-field-id=\"2\"><label class=\"wpforms-field-label\" for=\"wpforms-1659-field_2\">Email <span class=\"wpforms-required-label\">*<\/span><\/label><input type=\"email\" id=\"wpforms-1659-field_2\" class=\"wpforms-field-large wpforms-field-required\" name=\"wpforms[fields][2]\" required><\/div><div id=\"wpforms-1659-field_3-container\" class=\"wpforms-field wpforms-field-phone\" data-field-id=\"3\"><label class=\"wpforms-field-label\" for=\"wpforms-1659-field_3\">Tel. sz\u00e1m <span class=\"wpforms-required-label\">*<\/span><\/label><input type=\"tel\" id=\"wpforms-1659-field_3\" class=\"wpforms-field-large wpforms-field-required wpforms-smart-phone-field\" data-rule-smart-phone-field=\"true\" name=\"wpforms[fields][3]\" placeholder=\"+4219\" required><\/div><div id=\"wpforms-1659-field_5-container\" class=\"wpforms-field wpforms-field-select wpforms-field-select-style-classic\" data-field-id=\"5\"><label class=\"wpforms-field-label\" for=\"wpforms-1659-field_5\">R\u00e9gi\u00f3 <span class=\"wpforms-required-label\">*<\/span><\/label><select id=\"wpforms-1659-field_5\" class=\"wpforms-field-large wpforms-field-required\" name=\"wpforms[fields][5]\" required=\"required\"><option value=\"Bratislavsk\u00fd\"  selected='selected'>Pozsony<\/option><option value=\"Nitriansky\" >Nyitra<\/option><option value=\"Trnavsk\u00fd\" >Trnavsk\u00fd<\/option><option value=\"Tren\u010diansky\" >Tren\u010diansky<\/option><option value=\"\u017dilinsk\u00fd\" >\u017dilina<\/option><option value=\"Banskobystrick\u00fd\" >Banskobystricky<\/option><option value=\"Pre\u0161ovsk\u00fd\" >Pre\u0161ovsk\u00fd<\/option><option value=\"Ko\u0161ick\u00fd\" >Kassa<\/option><\/select><div class=\"wpforms-field-description\">Melyik orsz\u00e1gb\u00f3l sz\u00e1rmazol k\u00e9rlek? <\/div><\/div><div id=\"wpforms-1659-field_4-container\" class=\"wpforms-field wpforms-field-textarea\" data-field-id=\"4\"><label class=\"wpforms-field-label\" for=\"wpforms-1659-field_4\">\u00dczenet<\/label><textarea id=\"wpforms-1659-field_4\" class=\"wpforms-field-medium\" name=\"wpforms[fields][4]\" placeholder=\"K\u00e9rd\u00e9se van, vagy \u00e1raj\u00e1nlatra vagy tan\u00e1csad\u00e1sra v\u00e1gyik? \u00cdrj nek\u00fcnk... \" ><\/textarea><\/div><div id=\"wpforms-1659-field_6-container\" class=\"wpforms-field wpforms-field-checkbox\" data-field-id=\"6\"><label class=\"wpforms-field-label wpforms-label-hide\" for=\"wpforms-1659-field_6\">Szem\u00e9lyes adatok v\u00e9delme <span class=\"wpforms-required-label\">*<\/span><\/label><ul id=\"wpforms-1659-field_6\" class=\"wpforms-field-required\"><li class=\"choice-1 depth-1\"><input type=\"checkbox\" id=\"wpforms-1659-field_6_1\" name=\"wpforms[fields][6][]\" value=\"Obozn\u00e1mil som sa a s\u00fahlas\u00edm s &lt;a href=&quot;\/ochrana-osobnych-udajov\/&quot; target=&quot;_blank&quot;&gt;spracovan\u00edm osobn\u00fdch \u00fadajov&lt;\/a&gt; \" required><label class=\"wpforms-field-label-inline\" for=\"wpforms-1659-field_6_1\">Megismerkedtem \u00e9s egyet\u00e9rtek vele <a href=\"\/hu\/ochrana-osobnych-udajov\/\" target=\"_blank\">szem\u00e9lyes adatok kezel\u00e9se<\/a> <\/label><\/li><\/ul><\/div><\/div><input type=\"hidden\" name=\"wpforms[recaptcha]\" value=\"\"><div class=\"wpforms-submit-container\"><input type=\"hidden\" name=\"wpforms[id]\" value=\"1659\"><input type=\"hidden\" name=\"wpforms[author]\" value=\"4\"><button type=\"submit\" name=\"wpforms[submit]\" id=\"wpforms-submit-1659\" class=\"wpforms-submit\" data-alt-text=\"Odosielam ...\" data-submit-text=\"Odosla\u0165 spr\u00e1vu\" aria-live=\"assertive\" value=\"wpforms-submit\">\u00dczenet k\u00fcld\u00e9se<\/button><img loading=\"lazy\" decoding=\"async\" src=\"https:\/\/tinyhouses.travel\/wp-content\/plugins\/wpforms\/assets\/images\/submit-spin.svg\" class=\"wpforms-submit-spinner\" style=\"display: none;\" width=\"26\" height=\"26\" alt=\"Loading\"><\/div><input type=\"hidden\" name=\"trp-form-language\" value=\"hu\"\/><\/form><\/div>  <!-- .wpforms-container --><\/div><div class=\"w-separator size_medium\"><\/div><\/div><\/div><div class=\"wpb_column vc_column_container\"><div class=\"vc_column-inner\"><\/div><\/div><\/div><\/div><\/div><\/div><\/div><\/section>","protected":false},"excerpt":{"rendered":"","protected":false},"author":3,"featured_media":0,"parent":0,"menu_order":0,"comment_status":"closed","ping_status":"closed","template":"","meta":{"footnotes":""},"class_list":["post-1606","page","type-page","status-publish","hentry"],"acf":[],"_links":{"self":[{"href":"https:\/\/tinyhouses.travel\/hu\/wp-json\/wp\/v2\/pages\/1606","targetHints":{"allow":["GET"]}}],"collection":[{"href":"https:\/\/tinyhouses.travel\/hu\/wp-json\/wp\/v2\/pages"}],"about":[{"href":"https:\/\/tinyhouses.travel\/hu\/wp-json\/wp\/v2\/types\/page"}],"author":[{"embeddable":true,"href":"https:\/\/tinyhouses.travel\/hu\/wp-json\/wp\/v2\/users\/3"}],"replies":[{"embeddable":true,"href":"https:\/\/tinyhouses.travel\/hu\/wp-json\/wp\/v2\/comments?post=1606"}],"version-history":[{"count":39,"href":"https:\/\/tinyhouses.travel\/hu\/wp-json\/wp\/v2\/pages\/1606\/revisions"}],"predecessor-version":[{"id":1940,"href":"https:\/\/tinyhouses.travel\/hu\/wp-json\/wp\/v2\/pages\/1606\/revisions\/1940"}],"wp:attachment":[{"href":"https:\/\/tinyhouses.travel\/hu\/wp-json\/wp\/v2\/media?parent=1606"}],"curies":[{"name":"wp","href":"https:\/\/api.w.org\/{rel}","templated":true}]}}