{"id":41,"date":"2022-12-18T12:39:50","date_gmt":"2022-12-18T10:39:50","guid":{"rendered":"https:\/\/tinyhouses.travel\/?page_id=41"},"modified":"2024-11-07T15:24:14","modified_gmt":"2024-11-07T13:24:14","slug":"o-nas","status":"publish","type":"page","link":"https:\/\/tinyhouses.travel\/hu\/o-nas\/","title":{"rendered":"R\u00f3lunk"},"content":{"rendered":"<section class=\"l-section wpb_row height_huge\"><div class=\"l-section-h i-cf\"><div class=\"g-cols vc_row via_grid cols_2-3 laptops-cols_2 tablets-cols_inherit mobiles-cols_1 valign_middle type_default stacking_default\" style=\"--gap:5%;\"><div class=\"wpb_column vc_column_container\"><div class=\"vc_column-inner\"><div class=\"w-image has_ratio align_none\"><div class=\"w-image-h\"><div style=\"padding-bottom:100%\"><\/div><img loading=\"lazy\" decoding=\"async\" width=\"1024\" height=\"683\" src=\"https:\/\/tinyhouses.travel\/wp-content\/uploads\/2024\/02\/mooble-podbanske-4496-HQ-1024x683.jpg\" class=\"attachment-large size-large\" alt=\"Tiny House\" srcset=\"https:\/\/tinyhouses.travel\/wp-content\/uploads\/2024\/02\/mooble-podbanske-4496-HQ-1024x683.jpg 1024w, https:\/\/tinyhouses.travel\/wp-content\/uploads\/2024\/02\/mooble-podbanske-4496-HQ-600x400.jpg 600w, https:\/\/tinyhouses.travel\/wp-content\/uploads\/2024\/02\/mooble-podbanske-4496-HQ.jpg 1169w\" sizes=\"auto, (max-width: 1024px) 100vw, 1024px\" \/><\/div><\/div><\/div><\/div><div class=\"wpb_column vc_column_container\"><div class=\"vc_column-inner\"><div class=\"wpb_text_column\"><div class=\"wpb_wrapper\"><h2 style=\"text-align: center;\">Apr\u00f3 h\u00e1zak EU<\/h2>\n<p style=\"text-align: center;\">A projekt 2023-ban kezd\u0151d\u00f6tt az \u00fczleti t\u00f6rt\u00e9net term\u00e9szetes fejl\u0151d\u00e9sek\u00e9nt. Ami a kis mobil \u00e9s statikus h\u00e1zak (Tiny Houses) elad\u00e1s\u00e1val \u00e9s b\u00e9rbead\u00e1s\u00e1val foglalkoz\u00f3 rajong\u00f3k \u00e1lmak\u00e9nt indult, az egy fenntarthat\u00f3 alternat\u00edv sz\u00e1ll\u00e1smegold\u00e1ss\u00e1 n\u0151tte ki mag\u00e1t.<\/p>\n<p style=\"text-align: center;\">Megsz\u00fcletett a Tiny Houses EU m\u00e1rka, amely nem csak kerekeken, hanem vonz\u00f3 kish\u00e1zakat \u00e1rul \u00e9s b\u00e9rel. A megold\u00e1s egy olyan helyet teremt, ahol elmenek\u00fclhet a v\u00e1ros ny\u00fczsg\u00e9se el\u0151l, \u00e9s egy olyan helyet, ahol a szabadid\u0151t egyedi m\u00f3don, kicsit m\u00e1sk\u00e9pp t\u00f6ltheti el.<\/p>\n<p style=\"text-align: center;\">A projekt t\u00fckr\u00f6zi az utaz\u00e1si szok\u00e1sok bizonyos v\u00e1ltoz\u00e1s\u00e1t, az utaz\u00e1si lehet\u0151s\u00e9gek korl\u00e1tozotts\u00e1g\u00e1t, vagy a kinti, friss leveg\u0151n t\u00f6lt\u00f6tt id\u0151 er\u0151sebb ig\u00e9ny\u00e9t. Egyre n\u00e9pszer\u0171bb a kempingez\u00e9s. Nem csoda, hogy a kemping azt az igazi &quot;szabadt\u00e9ri&quot; \u00e9rz\u00e9st adja, ami nem hasonl\u00edthat\u00f3 \u00f6ssze egy sz\u00e1llodai szob\u00e1val vagy apartmannal.<\/p>\n<p style=\"text-align: center;\">K\u00fcldet\u00e9s\u00fcnk, hogy egyedi nyaral\u00f3 \u00e9s atipikus glamping otthonokat sz\u00e1ll\u00edtsunk \u00d6nnek vagy v\u00e1llalkoz\u00e1s\u00e1nak. Elk\u00f6telezettek vagyunk a min\u0151s\u00e9gi, gyorsan el\u00e9rhet\u0151, fenntarthat\u00f3 \u00e9s megfizethet\u0151 kis \u00e9s rugalmas h\u00e1zak mellett.<\/p>\n<\/div><\/div><\/div><\/div><\/div><\/div><\/section><section class=\"l-section wpb_row us_custom_7e20fa79 us_animate_this height_auto\"><div class=\"l-section-h i-cf\"><div class=\"g-cols vc_row via_grid cols_1 laptops-cols_inherit tablets-cols_inherit mobiles-cols_1 valign_top type_default stacking_default\"><div class=\"wpb_column vc_column_container\"><div class=\"vc_column-inner\"><div class=\"w-separator size_small\"><\/div><h2 class=\"w-text\"><span class=\"w-text-h\"><span class=\"w-text-value\">A legmagasabb min\u0151s\u00e9g\u0171 term\u00e9kek, a legszigor\u00fabb jogszab\u00e1lyi k\u00f6vetelm\u00e9nyeknek megfelel\u0151en gy\u00e1rtva.<\/span><\/span><\/h2><div class=\"w-separator size_medium\"><\/div><div class=\"wpb_text_column\"><div class=\"wpb_wrapper\"><ul>\n<li style=\"list-style-type: none;\">\n<ul>\n<li>\u00d6sszek\u00f6ti az embereket a term\u00e9szettel. A mobilh\u00e1zak eur\u00f3pai utakon val\u00f3 vontat\u00e1sra alkalmasak.<\/li>\n<li>A modul\u00e1ris h\u00e1zak megfelelnek az eg\u00e9sz \u00e9ves m\u0171k\u00f6d\u00e9s k\u00f6vetelm\u00e9nyeinek<\/li>\n<li>Ide\u00e1lis a term\u00e9szetbar\u00e1t \u00e9letm\u00f3dhoz.<\/li>\n<li>A felhaszn\u00e1l\u00f3 ig\u00e9nyeit, szok\u00e1sait \u00e9s k\u00edv\u00e1ns\u00e1gait figyelembe vev\u0151 gy\u00e1rt\u00e1s.<\/li>\n<li>A c\u00e9l az, hogy felhaszn\u00e1l\u00f3inak k\u00e9nyelmes \u00e9let\u00e9lm\u00e9nyt biztos\u00edtsanak, a fenntarthat\u00f3s\u00e1gra helyezve a hangs\u00falyt a tervez\u00e9st\u0151l a gy\u00e1rt\u00e1sig minden l\u00e9p\u00e9sben, az anyagv\u00e1laszt\u00e1st\u00f3l a b\u00fatorok \u00e9s berendez\u00e9sek kiv\u00e1laszt\u00e1s\u00e1ig.<\/li>\n<li>Minden h\u00e1z tart\u00f3s, hossz\u00fa \u00e9lettartam\u00fa \u00e9p\u00edt\u0151anyagb\u00f3l k\u00e9sz\u00fcl, figyelembe v\u00e9ve az ig\u00e9nyes \u00e9ghajlati viszonyokat. Minden alkatr\u00e9sz megfelel a magas min\u0151s\u00e9gi \u00e9s \u00f6kol\u00f3giai k\u00f6vetelm\u00e9nyeknek.<\/li>\n<li>A tervez\u00e9si \u00e9s gy\u00e1rt\u00e1si folyamat a nemzetk\u00f6zi szabv\u00e1nyoknak megfelel\u0151en t\u00f6rt\u00e9nik.<\/li>\n<li>\u00c9let nagy k\u00e9nyelemben helyt\u0151l \u00e9s \u00e9vszakt\u00f3l f\u00fcggetlen\u00fcl.<\/li>\n<\/ul>\n<p><strong>\u00a0<\/strong><\/p>\n<\/li>\n<\/ul>\n<\/div><\/div><div class=\"w-separator size_medium\"><\/div><h2 class=\"w-text\"><span class=\"w-text-h\"><span class=\"w-text-value\">Csapat \u2013 Tiny Houses EU<\/span><\/span><\/h2><div class=\"wpb_text_column\"><div class=\"wpb_wrapper\"><blockquote>\n<p>Ez a mi elk\u00f6telezett csapatunk, akik nap mint nap egy\u00fctt dolgoznak azon, hogy a legcsod\u00e1latosabb projekteket \u00e9s eredm\u00e9nyeket vigy\u00e9k el \u00fcgyfeleinknek!<\/p>\n<p>\u00a0<\/p>\n<\/blockquote>\n<\/div><\/div><div class=\"g-cols wpb_row via_grid cols_4 laptops-cols_inherit tablets-cols_2 mobiles-cols_1 valign_top type_default stacking_default\" style=\"--gap:1.8rem;\"><div class=\"wpb_column vc_column_container\"><div class=\"vc_column-inner\"><div class=\"w-image has_ratio align_none\"><div class=\"w-image-h\"><div style=\"padding-bottom:133.3333%\"><\/div><img loading=\"lazy\" decoding=\"async\" width=\"800\" height=\"800\" src=\"https:\/\/tinyhouses.travel\/wp-content\/uploads\/2024\/02\/1655734620498.jpeg\" class=\"attachment-large size-large\" alt=\"\" srcset=\"https:\/\/tinyhouses.travel\/wp-content\/uploads\/2024\/02\/1655734620498.jpeg 800w, https:\/\/tinyhouses.travel\/wp-content\/uploads\/2024\/02\/1655734620498-600x600.jpeg 600w, https:\/\/tinyhouses.travel\/wp-content\/uploads\/2024\/02\/1655734620498-300x300.jpeg 300w\" sizes=\"auto, (max-width: 800px) 100vw, 800px\" \/><\/div><\/div><div class=\"w-separator size_small\"><\/div><div class=\"w-text\"><span class=\"w-text-h\"><span class=\"w-text-value\">Apr\u00f3 \u00fcgyn\u00f6k<\/span><\/span><\/div><h4 class=\"w-text\"><span class=\"w-text-h\"><span class=\"w-text-value\">Michal Pelach<\/span><\/span><\/h4><\/div><\/div><div class=\"wpb_column vc_column_container\"><div class=\"vc_column-inner\"><div class=\"w-image has_ratio align_none\"><div class=\"w-image-h\"><div style=\"padding-bottom:133.3333%\"><\/div><img loading=\"lazy\" decoding=\"async\" width=\"1012\" height=\"1024\" src=\"https:\/\/tinyhouses.travel\/wp-content\/uploads\/2024\/11\/7ED864B3-BBD9-4083-A004-276064372FD7-1012x1024.jpg\" class=\"attachment-large size-large\" alt=\"\" srcset=\"https:\/\/tinyhouses.travel\/wp-content\/uploads\/2024\/11\/7ED864B3-BBD9-4083-A004-276064372FD7-1012x1024.jpg 1012w, https:\/\/tinyhouses.travel\/wp-content\/uploads\/2024\/11\/7ED864B3-BBD9-4083-A004-276064372FD7-593x600.jpg 593w, https:\/\/tinyhouses.travel\/wp-content\/uploads\/2024\/11\/7ED864B3-BBD9-4083-A004-276064372FD7-12x12.jpg 12w, https:\/\/tinyhouses.travel\/wp-content\/uploads\/2024\/11\/7ED864B3-BBD9-4083-A004-276064372FD7.jpg 1290w\" sizes=\"auto, (max-width: 1012px) 100vw, 1012px\" \/><\/div><\/div><div class=\"w-separator size_small\"><\/div><div class=\"w-text\"><span class=\"w-text-h\"><span class=\"w-text-value\">Apr\u00f3 \u00fcgyn\u00f6k<\/span><\/span><\/div><h4 class=\"w-text\"><span class=\"w-text-h\"><span class=\"w-text-value\">Pavel Vodensk\u00fd<\/span><\/span><\/h4><\/div><\/div><div class=\"wpb_column vc_column_container\"><div class=\"vc_column-inner\"><div class=\"w-image has_ratio align_none\"><div class=\"w-image-h\"><div style=\"padding-bottom:133.3333%\"><\/div><img loading=\"lazy\" decoding=\"async\" width=\"824\" height=\"1024\" src=\"https:\/\/tinyhouses.travel\/wp-content\/uploads\/2024\/02\/IMG_4043-824x1024.jpg\" class=\"attachment-large size-large\" alt=\"\" srcset=\"https:\/\/tinyhouses.travel\/wp-content\/uploads\/2024\/02\/IMG_4043-824x1024.jpg 824w, https:\/\/tinyhouses.travel\/wp-content\/uploads\/2024\/02\/IMG_4043-483x600.jpg 483w, https:\/\/tinyhouses.travel\/wp-content\/uploads\/2024\/02\/IMG_4043.jpg 1179w\" sizes=\"auto, (max-width: 824px) 100vw, 824px\" \/><\/div><\/div><div class=\"w-separator size_small\"><\/div><div class=\"w-text\"><span class=\"w-text-h\"><span class=\"w-text-value\">Apr\u00f3 \u00fcgyn\u00f6k<\/span><\/span><\/div><h4 class=\"w-text\"><span class=\"w-text-h\"><span class=\"w-text-value\">Erik Bako\u0161<\/span><\/span><\/h4><\/div><\/div><div class=\"wpb_column vc_column_container\"><div class=\"vc_column-inner\"><div class=\"w-image align_none\"><div class=\"w-image-h\"><img loading=\"lazy\" decoding=\"async\" width=\"768\" height=\"1024\" src=\"https:\/\/tinyhouses.travel\/wp-content\/uploads\/2024\/11\/PHOTO-2024-11-04-09-50-30-768x1024.jpg\" class=\"attachment-large size-large\" alt=\"\" srcset=\"https:\/\/tinyhouses.travel\/wp-content\/uploads\/2024\/11\/PHOTO-2024-11-04-09-50-30-768x1024.jpg 768w, https:\/\/tinyhouses.travel\/wp-content\/uploads\/2024\/11\/PHOTO-2024-11-04-09-50-30-450x600.jpg 450w, https:\/\/tinyhouses.travel\/wp-content\/uploads\/2024\/11\/PHOTO-2024-11-04-09-50-30-9x12.jpg 9w, https:\/\/tinyhouses.travel\/wp-content\/uploads\/2024\/11\/PHOTO-2024-11-04-09-50-30.jpg 1200w\" sizes=\"auto, (max-width: 768px) 100vw, 768px\" \/><\/div><\/div><div class=\"w-separator size_small\"><\/div><div class=\"w-text\"><span class=\"w-text-h\"><span class=\"w-text-value\">Apr\u00f3 marketinges<\/span><\/span><\/div><h4 class=\"w-text\"><span class=\"w-text-h\"><span class=\"w-text-value\">Vanesa Kelemenova<\/span><\/span><\/h4><\/div><\/div><\/div><\/div><\/div><\/div><\/div><\/section><section class=\"l-section wpb_row height_large\"><div class=\"l-section-h i-cf\"><div class=\"g-cols vc_row via_grid cols_1 laptops-cols_inherit tablets-cols_inherit mobiles-cols_1 valign_top type_default stacking_default\" style=\"--gap:0rem;\"><div class=\"wpb_column vc_column_container\"><div class=\"vc_column-inner\"><div class=\"wpb_text_column\"><div class=\"wpb_wrapper\"><h2 style=\"text-align: center;\">Mi\u00e9rt v\u00e1lassz minket?<\/h2>\n<p style=\"text-align: center;\">A Tiny Rent platform arra \u00f6sszpontos\u00edt, hogy lehet\u0151s\u00e9get biztos\u00edtson apr\u00f3 h\u00e1zak b\u00e9rbead\u00e1s\u00e1ra \u00e9s elad\u00e1s\u00e1ra k\u00fcl\u00f6nb\u00f6z\u0151 helyeken. A m\u00e1rka c\u00e9lja, hogy egyedi, \u00f6kol\u00f3giailag \u00e9s gazdas\u00e1gilag elfogadhat\u00f3 \u00e9lm\u00e9nyeket k\u00edn\u00e1ljon tulajdonosainak vagy b\u00e9rl\u0151inek a k\u00fcl\u00f6nf\u00e9le ig\u00e9nyeket \u00e9s preferenci\u00e1kat kiel\u00e9g\u00edt\u0151 apr\u00f3 h\u00e1zak soksz\u00edn\u0171 k\u00edn\u00e1lat\u00e1n kereszt\u00fcl.<\/p>\n<\/div><\/div><div class=\"w-separator size_large\"><\/div><div class=\"g-cols wpb_row via_grid cols_2 laptops-cols_inherit tablets-cols_1 mobiles-cols_1 valign_middle type_default stacking_default\" style=\"--gap:3rem;\"><div class=\"wpb_column vc_column_container\"><div class=\"vc_column-inner\"><div class=\"w-iconbox iconpos_left style_default color_primary align_left\"><div class=\"w-iconbox-icon\" style=\"font-size:50px;\"><i class=\"fas fa-star\"><\/i><\/div><div class=\"w-iconbox-meta\"><h4 class=\"w-iconbox-title\">Min\u0151s\u00e9g \u00e9s diz\u00e1jn<\/h4><div class=\"w-iconbox-text\"><p>A Tiny Houses EU k\u00fcl\u00f6nb\u00f6z\u0151 tervez\u0151kkel \u00e9s \u00e9p\u00edttet\u0151kkel dolgozik egy\u00fctt, hogy testreszabhat\u00f3 apr\u00f3 h\u00e1zakat k\u00edn\u00e1ljon. Ezek a partners\u00e9gek egy sor kialak\u00edt\u00e1st \u00e9s szolg\u00e1ltat\u00e1st tesznek lehet\u0151v\u00e9, amelyek az \u00fcgyfelek egyedi ig\u00e9nyeihez szabhat\u00f3k. Minden h\u00e1zunk megfelel a magas gy\u00e1rt\u00e1si \u00e9s \u00fczemeltet\u00e9si szabv\u00e1nyoknak.<\/p>\n<\/div><\/div><\/div><div class=\"w-separator size_large\"><\/div><div class=\"w-iconbox iconpos_left style_default color_primary align_left\"><div class=\"w-iconbox-icon\" style=\"font-size:50px;\"><i class=\"fas fa-thumbs-up\"><\/i><\/div><div class=\"w-iconbox-meta\"><h4 class=\"w-iconbox-title\">Egyed\u00fcl\u00e1ll\u00f3 v\u00e1logat\u00e1s<\/h4><div class=\"w-iconbox-text\"><p>Minden kis h\u00e1z egyedi tervez\u00e9s\u0171 \u00e9s felszerelt. Egyes h\u00e1zak f\u00e9ny\u0171z\u0151 bels\u0151 terekkel rendelkeznek, m\u00e1sok a minimalista \u00e9s funkcion\u00e1lis diz\u00e1jnra \u00f6sszpontos\u00edtanak. A gyakori szolg\u00e1ltat\u00e1sok k\u00f6z\u00e9 tartozik a konyhasarok, a f\u00fcrd\u0151szoba, a l\u00e9gkondicion\u00e1l\u00e1s \u00e9s a k\u00fclt\u00e9ri terek, p\u00e9ld\u00e1ul a torn\u00e1cok vagy m\u00e1s opcion\u00e1lis felszerel\u00e9sek.<\/p>\n<\/div><\/div><\/div><div class=\"w-separator size_large\"><\/div><div class=\"w-iconbox iconpos_left style_default color_primary align_left\"><div class=\"w-iconbox-icon\" style=\"font-size:50px;\"><i class=\"fas fa-car\"><\/i><\/div><div class=\"w-iconbox-meta\"><h4 class=\"w-iconbox-title\">Az egy\u00fcttm\u0171k\u00f6d\u00e9s rugalmass\u00e1ga<\/h4><div class=\"w-iconbox-text\"><p>H\u00e1zainkat \u00d6n is kipr\u00f3b\u00e1lhatja, a legsz\u00e9lesebb h\u00e1zportf\u00f3li\u00f3val rendelkez\u00fcnk bemutat\u00f3term\u00fcnkben, vagy k\u00fcl\u00f6nb\u00f6z\u0151 \u00fcd\u00fcl\u0151helyi partnereinkben. A h\u00e1zak alkalmasak l\u00edzingre vagy b\u00e9rbead\u00e1sra.<\/p>\n<\/div><\/div><\/div><\/div><\/div><div class=\"wpb_column vc_column_container\"><div class=\"vc_column-inner\"><div class=\"w-image has_ratio align_none\"><div class=\"w-image-h\"><div style=\"padding-bottom:100%\"><\/div><img loading=\"lazy\" decoding=\"async\" width=\"768\" height=\"1024\" src=\"https:\/\/tinyhouses.travel\/wp-content\/uploads\/2024\/06\/Zdjecie-15.04.2024-14-43-54-768x1024.jpg\" class=\"attachment-large size-large\" alt=\"\" srcset=\"https:\/\/tinyhouses.travel\/wp-content\/uploads\/2024\/06\/Zdjecie-15.04.2024-14-43-54-768x1024.jpg 768w, https:\/\/tinyhouses.travel\/wp-content\/uploads\/2024\/06\/Zdjecie-15.04.2024-14-43-54-450x600.jpg 450w, https:\/\/tinyhouses.travel\/wp-content\/uploads\/2024\/06\/Zdjecie-15.04.2024-14-43-54-scaled.jpg 1920w\" sizes=\"auto, (max-width: 768px) 100vw, 768px\" \/><\/div><\/div><\/div><\/div><\/div><\/div><\/div><\/div><\/div><\/section>","protected":false},"excerpt":{"rendered":"","protected":false},"author":3,"featured_media":0,"parent":0,"menu_order":0,"comment_status":"closed","ping_status":"closed","template":"","meta":{"footnotes":""},"class_list":["post-41","page","type-page","status-publish","hentry"],"acf":[],"_links":{"self":[{"href":"https:\/\/tinyhouses.travel\/hu\/wp-json\/wp\/v2\/pages\/41","targetHints":{"allow":["GET"]}}],"collection":[{"href":"https:\/\/tinyhouses.travel\/hu\/wp-json\/wp\/v2\/pages"}],"about":[{"href":"https:\/\/tinyhouses.travel\/hu\/wp-json\/wp\/v2\/types\/page"}],"author":[{"embeddable":true,"href":"https:\/\/tinyhouses.travel\/hu\/wp-json\/wp\/v2\/users\/3"}],"replies":[{"embeddable":true,"href":"https:\/\/tinyhouses.travel\/hu\/wp-json\/wp\/v2\/comments?post=41"}],"version-history":[{"count":6,"href":"https:\/\/tinyhouses.travel\/hu\/wp-json\/wp\/v2\/pages\/41\/revisions"}],"predecessor-version":[{"id":3275,"href":"https:\/\/tinyhouses.travel\/hu\/wp-json\/wp\/v2\/pages\/41\/revisions\/3275"}],"wp:attachment":[{"href":"https:\/\/tinyhouses.travel\/hu\/wp-json\/wp\/v2\/media?parent=41"}],"curies":[{"name":"wp","href":"https:\/\/api.w.org\/{rel}","templated":true}]}}