{"id":1606,"date":"2023-01-23T00:38:50","date_gmt":"2023-01-22T22:38:50","guid":{"rendered":"https:\/\/tinyhouses.travel\/?page_id=1606"},"modified":"2023-11-13T17:45:07","modified_gmt":"2023-11-13T15:45:07","slug":"tiny-commercial","status":"publish","type":"page","link":"https:\/\/tinyhouses.travel\/it\/tiny-commercial\/","title":{"rendered":"Piccolo spot pubblicitario"},"content":{"rendered":"<section class=\"l-section wpb_row us_custom_c484957d height_large\"><div class=\"l-section-h i-cf\"><div class=\"g-cols vc_row via_grid cols_3-1 laptops-cols_inherit tablets-cols_inherit mobiles-cols_1 valign_middle type_default stacking_default\"><div class=\"wpb_column vc_column_container us_custom_7e20fa79 us_animate_this\"><div class=\"vc_column-inner\"><h1 class=\"w-post-elm post_title us_custom_5064987e has_text_color entry-title color_link_inherit\">Piccolo spot pubblicitario<\/h1><h1 class=\"w-text\"><span class=\"w-text-h\"><span class=\"w-text-value\">per la tua nuova attivit\u00e0<\/span><\/span><\/h1><nav class=\"g-breadcrumbs us_custom_e36a643b separator_icon align_none\"><div class=\"g-breadcrumbs-item\"><a href=\"https:\/\/tinyhouses.travel\/it\/\">Casa<\/a><meta content=\"1\"\/><\/div><div class=\"g-breadcrumbs-separator\"><i class=\"far fa-angle-right\"><\/i><\/div><div class=\"g-breadcrumbs-item\">Pagine<\/div><\/nav><div class=\"w-separator size_small\"><\/div><div class=\"wpb_text_column\"><div class=\"wpb_wrapper\"><p>Con Mooble Houses puoi creare una splendida sistemazione e offrire ai clienti un&#039;esperienza fantastica, in cui si sentiranno a casa con un tocco di natura.\u00a0<\/p>\n<\/div><\/div><\/div><\/div><div class=\"wpb_column vc_column_container\"><div class=\"vc_column-inner\"><\/div><\/div><\/div><\/div><\/section><section class=\"l-section wpb_row height_large\"><div class=\"l-section-h i-cf\"><div class=\"g-cols vc_row via_grid cols_1 laptops-cols_inherit tablets-cols_inherit mobiles-cols_1 valign_top type_default stacking_default\"><div class=\"wpb_column vc_column_container\"><div class=\"vc_column-inner\"><div class=\"w-grid type_grid layout_1609 cols_3 overflow_hidden\" id=\"us_grid_1\" style=\"--gap:1.5rem;\" data-filterable=\"true\"><style>@media (max-width:1024px){#us_grid_1 .w-grid-item{width:50%}}@media (max-width:600px){#us_grid_1 .w-grid-list{margin:0}#us_grid_1 .w-grid-item{width:100%;padding:0;margin-bottom:var(--gap,0px)}}.layout_1609 .w-grid-item-h{background:var(--color-content-bg);color:var(--color-content-text);border-radius:0.3rem;box-shadow:0 0.03rem 0.06rem rgba(0,0,0,0.1),0 0.1rem 0.3rem rgba(0,0,0,0.1);transition-duration:0.3s}.no-touch .layout_1609 .w-grid-item-h:hover{box-shadow:0 0.1rem 0.2rem rgba(0,0,0,0.1),0 0.33rem 1rem rgba(0,0,0,0.15);z-index:4}.layout_1609 .usg_vwrapper_1{transition-duration:0.2s}.layout_1609 .w-grid-item-h:hover .usg_vwrapper_1{}.layout_1609 .usg_vwrapper_1{background:inherit!important;padding:1rem 1.2rem 1rem 1.2rem!important}.layout_1609 .usg_post_title_1{color:var(--color-content-heading)!important;font-size:1rem!important;font-weight:700!important;margin-bottom:0.3rem!important}@media (min-width:1025px) and (max-width:1280px){.layout_1609 .usg_vwrapper_1{background:inherit!important;padding:1rem 1.2rem 1rem 1.2rem!important}.layout_1609 .usg_post_title_1{color:var(--color-content-heading)!important;font-size:1rem!important;font-weight:700!important;margin-bottom:0.3rem!important}}@media (min-width:601px) and (max-width:1024px){.layout_1609 .usg_vwrapper_1{background:inherit!important;padding:1rem 1.2rem 1rem 1.2rem!important}.layout_1609 .usg_post_title_1{color:var(--color-content-heading)!important;font-size:1rem!important;font-weight:700!important;margin-bottom:0.3rem!important}}@media (max-width:600px){.layout_1609 .usg_vwrapper_1{background:inherit!important;padding:1rem 1.2rem 1rem 1.2rem!important}.layout_1609 .usg_post_title_1{color:var(--color-content-heading)!important;font-size:1rem!important;font-weight:700!important;margin-bottom:0.3rem!important}}<\/style><div class=\"w-grid-list\">\t<article class=\"w-grid-item size_1x1 post-1856 tiny-commercial type-tiny-commercial status-publish has-post-thumbnail hentry\" data-id=\"1856\">\r\n\t\t<div class=\"w-grid-item-h\">\r\n\t\t\t\t\t\t<div class=\"w-post-elm post_image usg_post_image_1 has_ratio\"><div style=\"padding-bottom:56.25%\"><\/div><a href=\"https:\/\/tinyhouses.travel\/it\/tiny-commercial\/farma-rita\/\" aria-label=\"La fattoria di Rita\"><img loading=\"lazy\" decoding=\"async\" width=\"1170\" height=\"1171\" src=\"https:\/\/tinyhouses.travel\/wp-content\/uploads\/2023\/05\/IMG_2584-1.jpg\" class=\"attachment-full size-full wp-post-image\" alt=\"\" srcset=\"https:\/\/tinyhouses.travel\/wp-content\/uploads\/2023\/05\/IMG_2584-1.jpg 1170w, https:\/\/tinyhouses.travel\/wp-content\/uploads\/2023\/05\/IMG_2584-1-600x600.jpg 600w, https:\/\/tinyhouses.travel\/wp-content\/uploads\/2023\/05\/IMG_2584-1-1024x1024.jpg 1024w, https:\/\/tinyhouses.travel\/wp-content\/uploads\/2023\/05\/IMG_2584-1-300x300.jpg 300w, https:\/\/tinyhouses.travel\/wp-content\/uploads\/2023\/05\/IMG_2584-1-24x24.jpg 24w, https:\/\/tinyhouses.travel\/wp-content\/uploads\/2023\/05\/IMG_2584-1-36x36.jpg 36w, https:\/\/tinyhouses.travel\/wp-content\/uploads\/2023\/05\/IMG_2584-1-48x48.jpg 48w\" sizes=\"auto, (max-width: 1170px) 100vw, 1170px\" \/><\/a><\/div><div class=\"w-vwrapper usg_vwrapper_1 align_center valign_middle\"><h2 class=\"w-post-elm post_title usg_post_title_1 has_text_color entry-title color_link_inherit\"><a href=\"https:\/\/tinyhouses.travel\/it\/tiny-commercial\/farma-rita\/\">La fattoria di Rita<\/a><\/h2><a class=\"w-btn us-btn-style_3 usg_btn_1 icon_atright\" href=\"#\"><span class=\"w-btn-label\">Di pi\u00f9<\/span><i class=\"fas fa-ellipsis-h-alt\"><\/i><\/a><\/div>\t\t<\/div>\r\n\t<\/article>\r\n\t<article class=\"w-grid-item size_1x1 post-1850 tiny-commercial type-tiny-commercial status-publish has-post-thumbnail hentry\" data-id=\"1850\">\r\n\t\t<div class=\"w-grid-item-h\">\r\n\t\t\t\t\t\t<div class=\"w-post-elm post_image usg_post_image_1 has_ratio\"><div style=\"padding-bottom:56.25%\"><\/div><a href=\"https:\/\/tinyhouses.travel\/it\/tiny-commercial\/farma-erim\/\" aria-label=\"Fattoria Erim\"><img loading=\"lazy\" decoding=\"async\" width=\"1600\" height=\"1066\" src=\"https:\/\/tinyhouses.travel\/wp-content\/uploads\/2023\/05\/1_9545-1.webp\" class=\"attachment-full size-full wp-post-image\" alt=\"\" srcset=\"https:\/\/tinyhouses.travel\/wp-content\/uploads\/2023\/05\/1_9545-1.webp 1600w, https:\/\/tinyhouses.travel\/wp-content\/uploads\/2023\/05\/1_9545-1-600x400.webp 600w, https:\/\/tinyhouses.travel\/wp-content\/uploads\/2023\/05\/1_9545-1-1024x682.webp 1024w, https:\/\/tinyhouses.travel\/wp-content\/uploads\/2023\/05\/1_9545-1-24x16.webp 24w, https:\/\/tinyhouses.travel\/wp-content\/uploads\/2023\/05\/1_9545-1-36x24.webp 36w, https:\/\/tinyhouses.travel\/wp-content\/uploads\/2023\/05\/1_9545-1-48x32.webp 48w\" sizes=\"auto, (max-width: 1600px) 100vw, 1600px\" \/><\/a><\/div><div class=\"w-vwrapper usg_vwrapper_1 align_center valign_middle\"><h2 class=\"w-post-elm post_title usg_post_title_1 has_text_color entry-title color_link_inherit\"><a href=\"https:\/\/tinyhouses.travel\/it\/tiny-commercial\/farma-erim\/\">Fattoria Erim<\/a><\/h2><a class=\"w-btn us-btn-style_3 usg_btn_1 icon_atright\" href=\"#\"><span class=\"w-btn-label\">Di pi\u00f9<\/span><i class=\"fas fa-ellipsis-h-alt\"><\/i><\/a><\/div>\t\t<\/div>\r\n\t<\/article>\r\n\t<article class=\"w-grid-item size_1x1 post-1839 tiny-commercial type-tiny-commercial status-publish has-post-thumbnail hentry\" data-id=\"1839\">\r\n\t\t<div class=\"w-grid-item-h\">\r\n\t\t\t\t\t\t<div class=\"w-post-elm post_image usg_post_image_1 has_ratio\"><div style=\"padding-bottom:56.25%\"><\/div><a href=\"https:\/\/tinyhouses.travel\/it\/tiny-commercial\/villa-la-fontana\/\" aria-label=\"Villa La Fontana\"><img loading=\"lazy\" decoding=\"async\" width=\"1600\" height=\"1069\" src=\"https:\/\/tinyhouses.travel\/wp-content\/uploads\/2023\/05\/3_37830.webp\" class=\"attachment-full size-full wp-post-image\" alt=\"\" srcset=\"https:\/\/tinyhouses.travel\/wp-content\/uploads\/2023\/05\/3_37830.webp 1600w, https:\/\/tinyhouses.travel\/wp-content\/uploads\/2023\/05\/3_37830-600x401.webp 600w, https:\/\/tinyhouses.travel\/wp-content\/uploads\/2023\/05\/3_37830-1024x684.webp 1024w, https:\/\/tinyhouses.travel\/wp-content\/uploads\/2023\/05\/3_37830-24x16.webp 24w, https:\/\/tinyhouses.travel\/wp-content\/uploads\/2023\/05\/3_37830-36x24.webp 36w, https:\/\/tinyhouses.travel\/wp-content\/uploads\/2023\/05\/3_37830-48x32.webp 48w\" sizes=\"auto, (max-width: 1600px) 100vw, 1600px\" \/><\/a><\/div><div class=\"w-vwrapper usg_vwrapper_1 align_center valign_middle\"><h2 class=\"w-post-elm post_title usg_post_title_1 has_text_color entry-title color_link_inherit\"><a href=\"https:\/\/tinyhouses.travel\/it\/tiny-commercial\/villa-la-fontana\/\">Villa La Fontana<\/a><\/h2><a class=\"w-btn us-btn-style_3 usg_btn_1 icon_atright\" href=\"#\"><span class=\"w-btn-label\">Di pi\u00f9<\/span><i class=\"fas fa-ellipsis-h-alt\"><\/i><\/a><\/div>\t\t<\/div>\r\n\t<\/article>\r\n<\/div><div class=\"w-grid-preloader\">\t<div class=\"g-preloader type_1\">\r\n\t\t<div><\/div>\r\n\t<\/div>\r\n\t<\/div>\t\t\t<div class=\"g-loadmore\">\r\n\t\t\t\t<div class=\"g-preloader type_1\">\r\n\t\t\t\t\t<div><\/div>\r\n\t\t\t\t<\/div>\r\n\t\t\t\t<button class=\"w-btn us-btn-style_1\">\r\n\t\t\t\t\t<span class=\"w-btn-label\">Vedi altri progetti<\/span>\r\n\t\t\t\t<\/button>\r\n\t\t\t<\/div>\r\n\t\t\t\t<div class=\"w-grid-json hidden\" onclick='return {&quot;action&quot;:&quot;us_ajax_grid&quot;,&quot;ajax_url&quot;:&quot;https:\\\/\\\/tinyhouses.travel\\\/wp-admin\\\/admin-ajax.php&quot;,&quot;infinite_scroll&quot;:0,&quot;max_num_pages&quot;:3,&quot;pagination&quot;:&quot;ajax&quot;,&quot;template_vars&quot;:{&quot;columns&quot;:&quot;3&quot;,&quot;exclude_items&quot;:&quot;none&quot;,&quot;img_size&quot;:&quot;default&quot;,&quot;ignore_items_size&quot;:0,&quot;items_layout&quot;:&quot;1609&quot;,&quot;items_offset&quot;:&quot;1&quot;,&quot;load_animation&quot;:&quot;none&quot;,&quot;overriding_link&quot;:&quot;{\\&quot;url\\&quot;:\\&quot;\\&quot;}&quot;,&quot;post_id&quot;:0,&quot;query_args&quot;:{&quot;post_type&quot;:[&quot;tiny-commercial&quot;],&quot;post_status&quot;:[&quot;publish&quot;,&quot;acf-disabled&quot;],&quot;posts_per_page&quot;:&quot;3&quot;},&quot;orderby_query_args&quot;:{&quot;orderby&quot;:{&quot;date&quot;:&quot;DESC&quot;}},&quot;type&quot;:&quot;grid&quot;,&quot;us_grid_ajax_index&quot;:1,&quot;us_grid_filter_params&quot;:[],&quot;us_grid_index&quot;:1,&quot;_us_grid_post_type&quot;:&quot;tiny-commercial&quot;,&quot;page_args&quot;:[]}}'><\/div>\r\n\t<\/div><div class=\"w-separator size_large\"><\/div><div class=\"g-cols wpb_row via_grid cols_2 laptops-cols_inherit tablets-cols_inherit mobiles-cols_1 valign_top type_default stacking_default\" style=\"--gap:3rem;\"><div class=\"wpb_column vc_column_container\"><div class=\"vc_column-inner\"><div class=\"w-image has_ratio align_none\"><div class=\"w-image-h\"><div style=\"padding-bottom:66.6667%\"><\/div><img loading=\"lazy\" decoding=\"async\" width=\"1024\" height=\"758\" src=\"https:\/\/tinyhouses.travel\/wp-content\/uploads\/2023\/05\/IMG_3389-1024x758.jpg\" class=\"attachment-large size-large\" alt=\"\" srcset=\"https:\/\/tinyhouses.travel\/wp-content\/uploads\/2023\/05\/IMG_3389-1024x758.jpg 1024w, https:\/\/tinyhouses.travel\/wp-content\/uploads\/2023\/05\/IMG_3389-600x444.jpg 600w, https:\/\/tinyhouses.travel\/wp-content\/uploads\/2023\/05\/IMG_3389-24x18.jpg 24w, https:\/\/tinyhouses.travel\/wp-content\/uploads\/2023\/05\/IMG_3389-36x27.jpg 36w, https:\/\/tinyhouses.travel\/wp-content\/uploads\/2023\/05\/IMG_3389-48x36.jpg 48w, https:\/\/tinyhouses.travel\/wp-content\/uploads\/2023\/05\/IMG_3389.jpg 1170w\" sizes=\"auto, (max-width: 1024px) 100vw, 1024px\" \/><\/div><\/div><\/div><\/div><div class=\"wpb_column vc_column_container\"><div class=\"vc_column-inner\"><h2 class=\"w-text\"><span class=\"w-text-h\"><span class=\"w-text-value\">Hai uno spirito imprenditoriale?<\/span><\/span><\/h2><div class=\"wpb_text_column\"><div class=\"wpb_wrapper\"><blockquote>\n<p>Gestisco una casa mobile su ruote da 2 anni. Oltre all&#039;interessante guadagno collaterale, mi rendono felice anche gli ospiti che se ne vanno dopo il soggiorno. Sono felice di poter mostrare ad altre persone questo pezzo del nostro paradiso sconosciuto. In questo periodo turbolento per me valeva la pena investire proprio in una forma del genere. Devo sottolineare i vantaggi come il nuovo trend abitativo, poca burocrazia con le autorit\u00e0, il contatto con la natura, il comfort della casa. Grazie.<\/p>\n<\/blockquote>\n<\/div><\/div><div class=\"w-separator size_medium\"><\/div><h3 class=\"w-text\"><span class=\"w-text-h\"><span class=\"w-text-value\">I maggiori ostacoli all&#039;ampliamento delle strutture ricettive:<\/span><\/span><\/h3><div class=\"wpb_text_column\"><div class=\"wpb_wrapper\"><ul>\n<li>Costi di costruzione elevati.<\/li>\n<li>Processo di autorizzazione lungo e difficile.<\/li>\n<li>Tempi di costruzione lunghi.<\/li>\n<li>Concetto mancante.<\/li>\n<\/ul>\n<\/div><\/div><\/div><\/div><\/div><div class=\"w-separator size_small\"><\/div><h3 class=\"w-text\"><span class=\"w-text-h\"><span class=\"w-text-value\">Soluzione<\/span><\/span><\/h3><div class=\"wpb_text_column\"><div class=\"wpb_wrapper\"><p>Non serve andare lontano per trovare un&#039;idea imprenditoriale redditizia. Offriamo una forma unica e nuova di investimento in un&#039;interessante tipologia di alloggio con case mobili. Grazie a queste case mobili che offrono i vantaggi di una roulotte e il comfort di un hotel, puoi avviare la tua attivit\u00e0 in soli 60 giorni. Le case sono definite roulotte di categoria O2 e sono dotate di targa, numero di immatricolazione e numero VIN. Grazie a questo non \u00e8 necessario avere un terreno edificabile n\u00e9 espletare procedure di autorizzazione presso le autorit\u00e0.<\/p>\n<p>Il vantaggio della casa \u00e8 che si pu\u00f2 detrarre l&#039;IVA e c&#039;\u00e8 anche la possibilit\u00e0 di 6 ammortamenti annuali, come per l&#039;auto. Il ritorno sull\u2019investimento \u00e8 compreso tra 3 e 5 anni.<\/p>\n<p>Le nostre case offrono un&#039;opportunit\u00e0 unica per trascorrere una vacanza indimenticabile con tutti i comfort di un appartamento. Gli ospiti vengono accolti nel perfetto comfort di una &quot;tiny house&quot;, dotata di aria condizionata, completa attrezzatura domestica, dove possono godere appieno dell&#039;ambiente circostante e allo stesso tempo avere a disposizione una lussuosa camera da letto, soggiorno, cucina e, ultimo ma non ultimo, un bagno con wc. Gli ospiti non dipendono da tende, docce e servizi igienici condivisi, n\u00e9 dal pendolarismo verso l&#039;edificio principale per questi servizi.<\/p>\n<p>Il concetto \u00e8 facilmente applicabile sulla maggior parte dei terreni e, di conseguenza, con un investimento minimo nelle procedure di autorizzazione e un minimo di barriere legislative, \u00e8 possibile lanciare un resort di vacanza di alta qualit\u00e0 che soddisfi gli standard di qualit\u00e0 mondiali. Sia sotto forma di espansione di un&#039;attivit\u00e0 esistente o creando un nuovo resort.<\/p>\n<\/div><\/div><div class=\"w-separator size_small\"><\/div><div class=\"w-separator size_medium with_line width_default thick_1 style_solid color_border align_center\"><div class=\"w-separator-h\"><\/div><\/div><div class=\"g-cols wpb_row us_custom_729091bd via_grid cols_2 laptops-cols_2 tablets-cols_1 mobiles-cols_1 valign_middle type_default reversed stacking_default\" style=\"--gap:3rem;\"><div class=\"wpb_column vc_column_container\"><div class=\"vc_column-inner\"><h2 class=\"w-text\"><span class=\"w-text-h\"><span class=\"w-text-value\">Guadagnare nel turismo non \u00e8 mai stato cos\u00ec conveniente.<\/span><\/span><\/h2><div class=\"wpb_text_column\"><div class=\"wpb_wrapper\"><p>Dimentica i noiosi immobili commerciali con un ritorno sull&#039;investimento a lungo termine, crea qualcosa di diverso, interessante e, soprattutto, economicamente accettabile. Ti aiuteremo a scegliere il prodotto giusto per il tuo alloggio, ti trasmetteremo know-how e consigli di marketing per aumentare l&#039;interesse per il tuo alloggio.<\/p>\n<p>Ti renderemo nostro partner esclusivo per l&#039;affitto e la vendita delle nostre case.<\/p>\n<\/div><\/div><\/div><\/div><div class=\"wpb_column vc_column_container\"><div class=\"vc_column-inner\"><div class=\"w-video align_none ratio_4x3 with_overlay has_iframe\" style=\"background-image:url(https:\/\/tinyhouses.travel\/wp-content\/uploads\/2023\/01\/mooblehouse-13.jpg);\" onclick=\"return {&quot;player_id&quot;:&quot;youtube-p25d&quot;,&quot;player_api&quot;:&quot;\\\/\\\/www.youtube.com\\\/player_api&quot;,&quot;player_html&quot;:&quot;&lt;div id=\\&quot;youtube-p25d\\&quot;&gt;&lt;\\\/div&gt;&lt;script&gt;\\r\\n\\t\\t\\tif ( window.USYTPlayers === undefined ) {\\r\\n\\t\\t\\t\\twindow.USYTPlayers = [];\\r\\n\\t\\t\\t}\\r\\n\\t\\t\\twindow.USYTPlayers.push( {\\r\\n\\t\\t\\t\\tplayerID: \\&quot;youtube-p25d\\&quot;,\\r\\n\\t\\t\\t\\tvideoID: \\&quot;WE2O3xCaKMQ\\&quot;,\\r\\n\\t\\t\\t\\tplayerVars: {\\&quot;autoplay\\&quot;:1,\\&quot;controls\\&quot;:1,\\&quot;origin\\&quot;:\\&quot;https:\\\\\\\/\\\\\\\/tinyhouses.travel\\\\\\\/it\\&quot;,\\&quot;loop\\&quot;:0,\\&quot;mute\\&quot;:0,\\&quot;playlist\\&quot;:\\&quot;WE2O3xCaKMQ\\&quot;}\\r\\n\\t\\t\\t} );\\r\\n\\t\\t\\tif ( window.USYTInited === undefined ) {\\r\\n\\t\\t\\t\\t\\\/\\\/ Trying to override other possible WP YT API calls if our element is used\\r\\n\\t\\t\\t\\twindow.USYTInited = true;\\r\\n\\t\\t\\t\\twindow.onYouTubePlayerAPIReady = function() {\\r\\n\\t\\t\\t\\t\\tfor ( var i in window.USYTPlayers ) {\\r\\n\\t\\t\\t\\t\\t\\tvar _playerParams = window.USYTPlayers[ i ];\\r\\n\\t\\t\\t\\t\\t\\t$us.YTPlayers[ _playerParams.playerID ] = new YT.Player( _playerParams.playerID, {\\r\\n\\t\\t\\t\\t\\t\\t\\tvideoId: _playerParams.videoID,\\r\\n\\t\\t\\t\\t\\t\\t\\tplayerVars: _playerParams.playerVars\\r\\n\\t\\t\\t\\t\\t\\t} );\\r\\n\\t\\t\\t\\t\\t}\\r\\n\\t\\t\\t\\t}\\r\\n\\t\\t\\t}\\r\\n\\t\\t\\tif ( !! window.YT ) {\\r\\n\\t\\t\\t\\t$us.YTPlayers[\\&quot;youtube-p25d\\&quot;] = new YT.Player( \\&quot;youtube-p25d\\&quot;, {\\r\\n\\t\\t\\t\\t\\tvideoId: \\&quot;WE2O3xCaKMQ\\&quot;,\\r\\n\\t\\t\\t\\t\\tplayerVars: {\\&quot;autoplay\\&quot;:1,\\&quot;controls\\&quot;:1,\\&quot;origin\\&quot;:\\&quot;https:\\\\\\\/\\\\\\\/tinyhouses.travel\\\\\\\/it\\&quot;,\\&quot;loop\\&quot;:0,\\&quot;mute\\&quot;:0,\\&quot;playlist\\&quot;:\\&quot;WE2O3xCaKMQ\\&quot;}\\r\\n\\t\\t\\t\\t} );\\r\\n\\t\\t\\t}\\r\\n\\t\\t&lt;\\\/script&gt;&quot;}\"><div class=\"w-video-h\"><\/div><div class=\"w-video-icon\" style=\"font-size:40px;background:var(--color-content-secondary);color:#fff\"><\/div><\/div><\/div><\/div><\/div><div class=\"w-separator size_large\"><\/div><h3 class=\"w-text us_custom_e93d73c3\"><span class=\"w-text-h\"><span class=\"w-text-value\">Ti interessa questa forma di investimento? Non esitate a contattarci e saremo lieti di consigliarvi.<\/span><\/span><\/h3><div class=\"g-cols wpb_row via_grid cols_1-3-1 laptops-cols_inherit tablets-cols_inherit mobiles-cols_1 valign_top type_default stacking_default\" style=\"--gap:3rem;\"><div class=\"wpb_column vc_column_container\"><div class=\"vc_column-inner\"><\/div><\/div><div class=\"wpb_column vc_column_container\"><div class=\"vc_column-inner\"><div class=\"w-html\"><div class=\"wpforms-container wpforms-container-full\" id=\"wpforms-1659\"><form id=\"wpforms-form-1659\" class=\"wpforms-validate wpforms-form wpforms-ajax-form\" data-formid=\"1659\" method=\"post\" enctype=\"multipart\/form-data\" action=\"\/it\/wp-json\/wp\/v2\/pages\/1606\" data-token=\"3e39b723404e425ef3e87da1861e427d\" data-trp-original-action=\"\/it\/wp-json\/wp\/v2\/pages\/1606\"><noscript class=\"wpforms-error-noscript\">Abilita JavaScript nel browser per completare questo modulo.<\/noscript><div class=\"wpforms-field-container\"><div id=\"wpforms-1659-field_7-container\" class=\"wpforms-field wpforms-field-hidden\" data-field-id=\"7\"><input type=\"hidden\" id=\"wpforms-1659-field_7\" name=\"wpforms[fields][7]\" value=\"https:\/\/tinyhouses.travel\/it\/wp-json\/wp\/v2\/pages\/1606\"><\/div><div id=\"wpforms-1659-field_1-container\" class=\"wpforms-field wpforms-field-text\" data-field-id=\"1\"><label class=\"wpforms-field-label\" for=\"wpforms-1659-field_1\">Nome <span class=\"wpforms-required-label\">*<\/span><\/label><input type=\"text\" id=\"wpforms-1659-field_1\" class=\"wpforms-field-large wpforms-field-required\" name=\"wpforms[fields][1]\" placeholder=\"Il tuo nome o il nome della tua azienda\" required><\/div><div id=\"wpforms-1659-field_2-container\" class=\"wpforms-field wpforms-field-email\" data-field-id=\"2\"><label class=\"wpforms-field-label\" for=\"wpforms-1659-field_2\">E-mail <span class=\"wpforms-required-label\">*<\/span><\/label><input type=\"email\" id=\"wpforms-1659-field_2\" class=\"wpforms-field-large wpforms-field-required\" name=\"wpforms[fields][2]\" required><\/div><div id=\"wpforms-1659-field_3-container\" class=\"wpforms-field wpforms-field-phone\" data-field-id=\"3\"><label class=\"wpforms-field-label\" for=\"wpforms-1659-field_3\">tel. numero <span class=\"wpforms-required-label\">*<\/span><\/label><input type=\"tel\" id=\"wpforms-1659-field_3\" class=\"wpforms-field-large wpforms-field-required wpforms-smart-phone-field\" data-rule-smart-phone-field=\"true\" name=\"wpforms[fields][3]\" placeholder=\"+4219\" required><\/div><div id=\"wpforms-1659-field_5-container\" class=\"wpforms-field wpforms-field-select wpforms-field-select-style-classic\" data-field-id=\"5\"><label class=\"wpforms-field-label\" for=\"wpforms-1659-field_5\">Regione <span class=\"wpforms-required-label\">*<\/span><\/label><select id=\"wpforms-1659-field_5\" class=\"wpforms-field-large wpforms-field-required\" name=\"wpforms[fields][5]\" required=\"required\"><option value=\"Bratislavsk\u00fd\"  selected='selected'>Bratislava<\/option><option value=\"Nitriansky\" >Nitra<\/option><option value=\"Trnavsk\u00fd\" >Trnavsk\u00fd<\/option><option value=\"Tren\u010diansky\" >Tren\u010diansky<\/option><option value=\"\u017dilinsk\u00fd\" >\u017dilina<\/option><option value=\"Banskobystrick\u00fd\" >Banskobystricky<\/option><option value=\"Pre\u0161ovsk\u00fd\" >Pre\u0161ovsk\u00fd<\/option><option value=\"Ko\u0161ick\u00fd\" >Ko\u0161ice<\/option><\/select><div class=\"wpforms-field-description\">Da che paese vieni, per favore? <\/div><\/div><div id=\"wpforms-1659-field_4-container\" class=\"wpforms-field wpforms-field-textarea\" data-field-id=\"4\"><label class=\"wpforms-field-label\" for=\"wpforms-1659-field_4\">Messaggio<\/label><textarea id=\"wpforms-1659-field_4\" class=\"wpforms-field-medium\" name=\"wpforms[fields][4]\" placeholder=\"Hai domande o sei interessato ad un preventivo o ad una consulenza? Scrivici... \" ><\/textarea><\/div><div id=\"wpforms-1659-field_6-container\" class=\"wpforms-field wpforms-field-checkbox\" data-field-id=\"6\"><label class=\"wpforms-field-label wpforms-label-hide\" for=\"wpforms-1659-field_6\">Protezione dei dati personali <span class=\"wpforms-required-label\">*<\/span><\/label><ul id=\"wpforms-1659-field_6\" class=\"wpforms-field-required\"><li class=\"choice-1 depth-1\"><input type=\"checkbox\" id=\"wpforms-1659-field_6_1\" name=\"wpforms[fields][6][]\" value=\"Obozn\u00e1mil som sa a s\u00fahlas\u00edm s &lt;a href=&quot;\/ochrana-osobnych-udajov\/&quot; target=&quot;_blank&quot;&gt;spracovan\u00edm osobn\u00fdch \u00fadajov&lt;\/a&gt; \" required><label class=\"wpforms-field-label-inline\" for=\"wpforms-1659-field_6_1\">Mi sono familiarizzato e sono d&#039;accordo <a href=\"\/it\/ochrana-osobnych-udajov\/\" target=\"_blank\">trattamento dei dati personali<\/a> <\/label><\/li><\/ul><\/div><\/div><input type=\"hidden\" name=\"wpforms[recaptcha]\" value=\"\"><div class=\"wpforms-submit-container\"><input type=\"hidden\" name=\"wpforms[id]\" value=\"1659\"><input type=\"hidden\" name=\"wpforms[author]\" value=\"4\"><button type=\"submit\" name=\"wpforms[submit]\" id=\"wpforms-submit-1659\" class=\"wpforms-submit\" data-alt-text=\"Odosielam ...\" data-submit-text=\"Odosla\u0165 spr\u00e1vu\" aria-live=\"assertive\" value=\"wpforms-submit\">Invia un messaggio<\/button><img loading=\"lazy\" decoding=\"async\" src=\"https:\/\/tinyhouses.travel\/wp-content\/plugins\/wpforms\/assets\/images\/submit-spin.svg\" class=\"wpforms-submit-spinner\" style=\"display: none;\" width=\"26\" height=\"26\" alt=\"Caricamento\"><\/div><input type=\"hidden\" name=\"trp-form-language\" value=\"it\"\/><\/form><\/div>  <!-- .wpforms-container --><\/div><div class=\"w-separator size_medium\"><\/div><\/div><\/div><div class=\"wpb_column vc_column_container\"><div class=\"vc_column-inner\"><\/div><\/div><\/div><\/div><\/div><\/div><\/div><\/section>","protected":false},"excerpt":{"rendered":"","protected":false},"author":3,"featured_media":0,"parent":0,"menu_order":0,"comment_status":"closed","ping_status":"closed","template":"","meta":{"footnotes":""},"class_list":["post-1606","page","type-page","status-publish","hentry"],"acf":[],"_links":{"self":[{"href":"https:\/\/tinyhouses.travel\/it\/wp-json\/wp\/v2\/pages\/1606","targetHints":{"allow":["GET"]}}],"collection":[{"href":"https:\/\/tinyhouses.travel\/it\/wp-json\/wp\/v2\/pages"}],"about":[{"href":"https:\/\/tinyhouses.travel\/it\/wp-json\/wp\/v2\/types\/page"}],"author":[{"embeddable":true,"href":"https:\/\/tinyhouses.travel\/it\/wp-json\/wp\/v2\/users\/3"}],"replies":[{"embeddable":true,"href":"https:\/\/tinyhouses.travel\/it\/wp-json\/wp\/v2\/comments?post=1606"}],"version-history":[{"count":39,"href":"https:\/\/tinyhouses.travel\/it\/wp-json\/wp\/v2\/pages\/1606\/revisions"}],"predecessor-version":[{"id":1940,"href":"https:\/\/tinyhouses.travel\/it\/wp-json\/wp\/v2\/pages\/1606\/revisions\/1940"}],"wp:attachment":[{"href":"https:\/\/tinyhouses.travel\/it\/wp-json\/wp\/v2\/media?parent=1606"}],"curies":[{"name":"wp","href":"https:\/\/api.w.org\/{rel}","templated":true}]}}