{"id":1606,"date":"2023-01-23T00:38:50","date_gmt":"2023-01-22T22:38:50","guid":{"rendered":"https:\/\/tinyhouses.travel\/?page_id=1606"},"modified":"2023-11-13T17:45:07","modified_gmt":"2023-11-13T15:45:07","slug":"tiny-commercial","status":"publish","type":"page","link":"https:\/\/tinyhouses.travel\/sk\/tiny-commercial\/","title":{"rendered":"Tiny Commercial"},"content":{"rendered":"<section class=\"l-section wpb_row us_custom_c484957d height_large\"><div class=\"l-section-h i-cf\"><div class=\"g-cols vc_row via_grid cols_3-1 laptops-cols_inherit tablets-cols_inherit mobiles-cols_1 valign_middle type_default stacking_default\"><div class=\"wpb_column vc_column_container us_custom_7e20fa79 us_animate_this\"><div class=\"vc_column-inner\"><h1 class=\"w-post-elm post_title us_custom_5064987e has_text_color entry-title color_link_inherit\">Tiny Commercial<\/h1><h1 class=\"w-text\"><span class=\"w-text-h\"><span class=\"w-text-value\">pre Va\u0161e nov\u00e9 podnikanie<\/span><\/span><\/h1><nav class=\"g-breadcrumbs us_custom_e36a643b separator_icon align_none\"><div class=\"g-breadcrumbs-item\"><a href=\"https:\/\/tinyhouses.travel\/sk\/\">Domov<\/a><meta content=\"1\"\/><\/div><div class=\"g-breadcrumbs-separator\"><i class=\"far fa-angle-right\"><\/i><\/div><div class=\"g-breadcrumbs-item\">Str\u00e1nky<\/div><\/nav><div class=\"w-separator size_small\"><\/div><div class=\"wpb_text_column\"><div class=\"wpb_wrapper\"><p>Z dom\u010dekov Mooble House m\u00f4\u017eete vytvori\u0165 kr\u00e1sne ubytovanie a pon\u00faknu\u0165 tak skvel\u00fd z\u00e1\u017eitok, v ktorom bud\u00fa z\u00e1kazn\u00edci c\u00edti\u0165 pocit domova s dotykom pr\u00edrody.\u00a0<\/p>\n<\/div><\/div><\/div><\/div><div class=\"wpb_column vc_column_container\"><div class=\"vc_column-inner\"><\/div><\/div><\/div><\/div><\/section><section class=\"l-section wpb_row height_large\"><div class=\"l-section-h i-cf\"><div class=\"g-cols vc_row via_grid cols_1 laptops-cols_inherit tablets-cols_inherit mobiles-cols_1 valign_top type_default stacking_default\"><div class=\"wpb_column vc_column_container\"><div class=\"vc_column-inner\"><div class=\"w-grid type_grid layout_1609 cols_3 overflow_hidden\" id=\"us_grid_1\" style=\"--gap:1.5rem;\" data-filterable=\"true\"><style>@media (max-width:1024px){#us_grid_1 .w-grid-item{width:50%}}@media (max-width:600px){#us_grid_1 .w-grid-list{margin:0}#us_grid_1 .w-grid-item{width:100%;padding:0;margin-bottom:var(--gap,0px)}}.layout_1609 .w-grid-item-h{background:var(--color-content-bg);color:var(--color-content-text);border-radius:0.3rem;box-shadow:0 0.03rem 0.06rem rgba(0,0,0,0.1),0 0.1rem 0.3rem rgba(0,0,0,0.1);transition-duration:0.3s}.no-touch .layout_1609 .w-grid-item-h:hover{box-shadow:0 0.1rem 0.2rem rgba(0,0,0,0.1),0 0.33rem 1rem rgba(0,0,0,0.15);z-index:4}.layout_1609 .usg_vwrapper_1{transition-duration:0.2s}.layout_1609 .w-grid-item-h:hover .usg_vwrapper_1{}.layout_1609 .usg_vwrapper_1{background:inherit!important;padding:1rem 1.2rem 1rem 1.2rem!important}.layout_1609 .usg_post_title_1{color:var(--color-content-heading)!important;font-size:1rem!important;font-weight:700!important;margin-bottom:0.3rem!important}@media (min-width:1025px) and (max-width:1280px){.layout_1609 .usg_vwrapper_1{background:inherit!important;padding:1rem 1.2rem 1rem 1.2rem!important}.layout_1609 .usg_post_title_1{color:var(--color-content-heading)!important;font-size:1rem!important;font-weight:700!important;margin-bottom:0.3rem!important}}@media (min-width:601px) and (max-width:1024px){.layout_1609 .usg_vwrapper_1{background:inherit!important;padding:1rem 1.2rem 1rem 1.2rem!important}.layout_1609 .usg_post_title_1{color:var(--color-content-heading)!important;font-size:1rem!important;font-weight:700!important;margin-bottom:0.3rem!important}}@media (max-width:600px){.layout_1609 .usg_vwrapper_1{background:inherit!important;padding:1rem 1.2rem 1rem 1.2rem!important}.layout_1609 .usg_post_title_1{color:var(--color-content-heading)!important;font-size:1rem!important;font-weight:700!important;margin-bottom:0.3rem!important}}<\/style><div class=\"w-grid-list\">\t<article class=\"w-grid-item size_1x1 post-1856 tiny-commercial type-tiny-commercial status-publish has-post-thumbnail hentry\" data-id=\"1856\">\r\n\t\t<div class=\"w-grid-item-h\">\r\n\t\t\t\t\t\t<div class=\"w-post-elm post_image usg_post_image_1 has_ratio\"><div style=\"padding-bottom:56.25%\"><\/div><a href=\"https:\/\/tinyhouses.travel\/sk\/tiny-commercial\/farma-rita\/\" aria-label=\"Farma Rita\"><img loading=\"lazy\" decoding=\"async\" width=\"1170\" height=\"1171\" src=\"https:\/\/tinyhouses.travel\/wp-content\/uploads\/2023\/05\/IMG_2584-1.jpg\" class=\"attachment-full size-full wp-post-image\" alt=\"\" srcset=\"https:\/\/tinyhouses.travel\/wp-content\/uploads\/2023\/05\/IMG_2584-1.jpg 1170w, https:\/\/tinyhouses.travel\/wp-content\/uploads\/2023\/05\/IMG_2584-1-600x600.jpg 600w, https:\/\/tinyhouses.travel\/wp-content\/uploads\/2023\/05\/IMG_2584-1-1024x1024.jpg 1024w, https:\/\/tinyhouses.travel\/wp-content\/uploads\/2023\/05\/IMG_2584-1-300x300.jpg 300w, https:\/\/tinyhouses.travel\/wp-content\/uploads\/2023\/05\/IMG_2584-1-24x24.jpg 24w, https:\/\/tinyhouses.travel\/wp-content\/uploads\/2023\/05\/IMG_2584-1-36x36.jpg 36w, https:\/\/tinyhouses.travel\/wp-content\/uploads\/2023\/05\/IMG_2584-1-48x48.jpg 48w\" sizes=\"auto, (max-width: 1170px) 100vw, 1170px\" \/><\/a><\/div><div class=\"w-vwrapper usg_vwrapper_1 align_center valign_middle\"><h2 class=\"w-post-elm post_title usg_post_title_1 has_text_color entry-title color_link_inherit\"><a href=\"https:\/\/tinyhouses.travel\/sk\/tiny-commercial\/farma-rita\/\">Farma Rita<\/a><\/h2><a class=\"w-btn us-btn-style_3 usg_btn_1 icon_atright\" href=\"#\"><span class=\"w-btn-label\">Viac<\/span><i class=\"fas fa-ellipsis-h-alt\"><\/i><\/a><\/div>\t\t<\/div>\r\n\t<\/article>\r\n\t<article class=\"w-grid-item size_1x1 post-1850 tiny-commercial type-tiny-commercial status-publish has-post-thumbnail hentry\" data-id=\"1850\">\r\n\t\t<div class=\"w-grid-item-h\">\r\n\t\t\t\t\t\t<div class=\"w-post-elm post_image usg_post_image_1 has_ratio\"><div style=\"padding-bottom:56.25%\"><\/div><a href=\"https:\/\/tinyhouses.travel\/sk\/tiny-commercial\/farma-erim\/\" aria-label=\"Farma Erim\"><img loading=\"lazy\" decoding=\"async\" width=\"1600\" height=\"1066\" src=\"https:\/\/tinyhouses.travel\/wp-content\/uploads\/2023\/05\/1_9545-1.webp\" class=\"attachment-full size-full wp-post-image\" alt=\"\" srcset=\"https:\/\/tinyhouses.travel\/wp-content\/uploads\/2023\/05\/1_9545-1.webp 1600w, https:\/\/tinyhouses.travel\/wp-content\/uploads\/2023\/05\/1_9545-1-600x400.webp 600w, https:\/\/tinyhouses.travel\/wp-content\/uploads\/2023\/05\/1_9545-1-1024x682.webp 1024w, https:\/\/tinyhouses.travel\/wp-content\/uploads\/2023\/05\/1_9545-1-24x16.webp 24w, https:\/\/tinyhouses.travel\/wp-content\/uploads\/2023\/05\/1_9545-1-36x24.webp 36w, https:\/\/tinyhouses.travel\/wp-content\/uploads\/2023\/05\/1_9545-1-48x32.webp 48w\" sizes=\"auto, (max-width: 1600px) 100vw, 1600px\" \/><\/a><\/div><div class=\"w-vwrapper usg_vwrapper_1 align_center valign_middle\"><h2 class=\"w-post-elm post_title usg_post_title_1 has_text_color entry-title color_link_inherit\"><a href=\"https:\/\/tinyhouses.travel\/sk\/tiny-commercial\/farma-erim\/\">Farma Erim<\/a><\/h2><a class=\"w-btn us-btn-style_3 usg_btn_1 icon_atright\" href=\"#\"><span class=\"w-btn-label\">Viac<\/span><i class=\"fas fa-ellipsis-h-alt\"><\/i><\/a><\/div>\t\t<\/div>\r\n\t<\/article>\r\n\t<article class=\"w-grid-item size_1x1 post-1839 tiny-commercial type-tiny-commercial status-publish has-post-thumbnail hentry\" data-id=\"1839\">\r\n\t\t<div class=\"w-grid-item-h\">\r\n\t\t\t\t\t\t<div class=\"w-post-elm post_image usg_post_image_1 has_ratio\"><div style=\"padding-bottom:56.25%\"><\/div><a href=\"https:\/\/tinyhouses.travel\/sk\/tiny-commercial\/villa-la-fontana\/\" aria-label=\"Villa La Fontana\"><img loading=\"lazy\" decoding=\"async\" width=\"1600\" height=\"1069\" src=\"https:\/\/tinyhouses.travel\/wp-content\/uploads\/2023\/05\/3_37830.webp\" class=\"attachment-full size-full wp-post-image\" alt=\"\" srcset=\"https:\/\/tinyhouses.travel\/wp-content\/uploads\/2023\/05\/3_37830.webp 1600w, https:\/\/tinyhouses.travel\/wp-content\/uploads\/2023\/05\/3_37830-600x401.webp 600w, https:\/\/tinyhouses.travel\/wp-content\/uploads\/2023\/05\/3_37830-1024x684.webp 1024w, https:\/\/tinyhouses.travel\/wp-content\/uploads\/2023\/05\/3_37830-24x16.webp 24w, https:\/\/tinyhouses.travel\/wp-content\/uploads\/2023\/05\/3_37830-36x24.webp 36w, https:\/\/tinyhouses.travel\/wp-content\/uploads\/2023\/05\/3_37830-48x32.webp 48w\" sizes=\"auto, (max-width: 1600px) 100vw, 1600px\" \/><\/a><\/div><div class=\"w-vwrapper usg_vwrapper_1 align_center valign_middle\"><h2 class=\"w-post-elm post_title usg_post_title_1 has_text_color entry-title color_link_inherit\"><a href=\"https:\/\/tinyhouses.travel\/sk\/tiny-commercial\/villa-la-fontana\/\">Villa La Fontana<\/a><\/h2><a class=\"w-btn us-btn-style_3 usg_btn_1 icon_atright\" href=\"#\"><span class=\"w-btn-label\">Viac<\/span><i class=\"fas fa-ellipsis-h-alt\"><\/i><\/a><\/div>\t\t<\/div>\r\n\t<\/article>\r\n<\/div><div class=\"w-grid-preloader\">\t<div class=\"g-preloader type_1\">\r\n\t\t<div><\/div>\r\n\t<\/div>\r\n\t<\/div>\t\t\t<div class=\"g-loadmore \">\r\n\t\t\t\t<div class=\"g-preloader type_1\">\r\n\t\t\t\t\t<div><\/div>\r\n\t\t\t\t<\/div>\r\n\t\t\t\t<button class=\"w-btn us-btn-style_1\">\r\n\t\t\t\t\t<span class=\"w-btn-label\">Vidie\u0165 viac projektov<\/span>\r\n\t\t\t\t<\/button>\r\n\t\t\t<\/div>\r\n\t\t\t\t<div class=\"w-grid-json hidden\" onclick='return {&quot;action&quot;:&quot;us_ajax_grid&quot;,&quot;ajax_url&quot;:&quot;https:\\\/\\\/tinyhouses.travel\\\/wp-admin\\\/admin-ajax.php&quot;,&quot;infinite_scroll&quot;:0,&quot;max_num_pages&quot;:3,&quot;pagination&quot;:&quot;ajax&quot;,&quot;template_vars&quot;:{&quot;columns&quot;:&quot;3&quot;,&quot;exclude_items&quot;:&quot;none&quot;,&quot;img_size&quot;:&quot;default&quot;,&quot;ignore_items_size&quot;:0,&quot;items_layout&quot;:&quot;1609&quot;,&quot;items_offset&quot;:&quot;1&quot;,&quot;load_animation&quot;:&quot;none&quot;,&quot;overriding_link&quot;:&quot;{\\&quot;url\\&quot;:\\&quot;\\&quot;}&quot;,&quot;post_id&quot;:0,&quot;query_args&quot;:{&quot;post_type&quot;:[&quot;tiny-commercial&quot;],&quot;post_status&quot;:[&quot;publish&quot;,&quot;acf-disabled&quot;],&quot;posts_per_page&quot;:&quot;3&quot;},&quot;orderby_query_args&quot;:{&quot;orderby&quot;:{&quot;date&quot;:&quot;DESC&quot;}},&quot;type&quot;:&quot;grid&quot;,&quot;us_grid_ajax_index&quot;:1,&quot;us_grid_filter_params&quot;:[],&quot;us_grid_index&quot;:1,&quot;_us_grid_post_type&quot;:&quot;tiny-commercial&quot;,&quot;page_args&quot;:[]}}'><\/div>\r\n\t<\/div><div class=\"w-separator size_large\"><\/div><div class=\"g-cols wpb_row via_grid cols_2 laptops-cols_inherit tablets-cols_inherit mobiles-cols_1 valign_top type_default stacking_default\" style=\"--gap:3rem;\"><div class=\"wpb_column vc_column_container\"><div class=\"vc_column-inner\"><div class=\"w-image has_ratio align_none\"><div class=\"w-image-h\"><div style=\"padding-bottom:66.6667%\"><\/div><img loading=\"lazy\" decoding=\"async\" width=\"1024\" height=\"758\" src=\"https:\/\/tinyhouses.travel\/wp-content\/uploads\/2023\/05\/IMG_3389-1024x758.jpg\" class=\"attachment-large size-large\" alt=\"\" srcset=\"https:\/\/tinyhouses.travel\/wp-content\/uploads\/2023\/05\/IMG_3389-1024x758.jpg 1024w, https:\/\/tinyhouses.travel\/wp-content\/uploads\/2023\/05\/IMG_3389-600x444.jpg 600w, https:\/\/tinyhouses.travel\/wp-content\/uploads\/2023\/05\/IMG_3389-24x18.jpg 24w, https:\/\/tinyhouses.travel\/wp-content\/uploads\/2023\/05\/IMG_3389-36x27.jpg 36w, https:\/\/tinyhouses.travel\/wp-content\/uploads\/2023\/05\/IMG_3389-48x36.jpg 48w, https:\/\/tinyhouses.travel\/wp-content\/uploads\/2023\/05\/IMG_3389.jpg 1170w\" sizes=\"auto, (max-width: 1024px) 100vw, 1024px\" \/><\/div><\/div><\/div><\/div><div class=\"wpb_column vc_column_container\"><div class=\"vc_column-inner\"><h2 class=\"w-text\"><span class=\"w-text-h\"><span class=\"w-text-value\">M\u00e1te podnikate\u013esk\u00e9ho ducha?<\/span><\/span><\/h2><div class=\"wpb_text_column\"><div class=\"wpb_wrapper\"><blockquote>\n<p>U\u017e 2 roky prev\u00e1dzkujem mobiln\u00fd dom na koles\u00e1ch. Okrem zauj\u00edmav\u00e9ho ved\u013eaj\u0161ieho pr\u00edjmu ma rob\u00ed \u0161\u0165astn\u00fdm aj l\u00fa\u010diaci sa hostia, po ich pobyte. Som r\u00e1d, \u017ee m\u00f4\u017eem uk\u00e1za\u0165 in\u00fdm \u013eudom tento n\u00e1\u0161 k\u00fasok nepoznan\u00e9ho raja. V tejto turbulentnej dobe sa mi oplatilo investova\u0165 pr\u00e1ve do takejto formy. Mus\u00edm pod\u010diarknu\u0165 benefity ako, nov\u00fd trend b\u00fdvania, m\u00e1lo byrokracie s \u00faradmi, dotyk s pr\u00edrodou, komfort domu. \u010eakujem.<\/p>\n<\/blockquote>\n<\/div><\/div><div class=\"w-separator size_medium\"><\/div><h3 class=\"w-text\"><span class=\"w-text-h\"><span class=\"w-text-value\">Najv\u00e4\u010d\u0161ie prek\u00e1\u017eky roz\u0161\u00edrenia ubytovania:<\/span><\/span><\/h3><div class=\"wpb_text_column\"><div class=\"wpb_wrapper\"><ul>\n<li>Vysok\u00e9 n\u00e1klady na v\u00fdstavbu.<\/li>\n<li>Zd\u013ahav\u00fd a n\u00e1ro\u010dn\u00fd povo\u013eovac\u00ed proces.<\/li>\n<li>Dlhy \u010das v\u00fdstavby.<\/li>\n<li>Ch\u00fdbaj\u00faci koncept.<\/li>\n<\/ul>\n<\/div><\/div><\/div><\/div><\/div><div class=\"w-separator size_small\"><\/div><h3 class=\"w-text\"><span class=\"w-text-h\"><span class=\"w-text-value\">Rie\u0161enie<\/span><\/span><\/h3><div class=\"wpb_text_column\"><div class=\"wpb_wrapper\"><p>Za v\u00fdnosn\u00fdm podnikate\u013esk\u00fdm n\u00e1padom nemus\u00edte chodi\u0165 \u010faleko. Pon\u00fakame jedine\u010dn\u00fa a nov\u00fa formu investovania do zauj\u00edmavej formy ubytovania s domami na koles\u00e1ch. V\u010faka t\u00fdmto mobiln\u00fdm domom s benefitmi karavanu a komfortom hotela m\u00f4\u017eete za\u010da\u0165 podnika\u0165 u\u017e o 60 dn\u00ed. Domy s\u00fa definovan\u00e9 ako obytn\u00e9 pr\u00edvesy kateg\u00f3rie O2, maj\u00fa \u0160PZ, E\u010cV a VIN \u010d\u00edslo. V\u010faka tomu nepotrebujete stavebn\u00fd pozemok a ani vykon\u00e1va\u0165 povo\u013eovacie procesy na \u00faradoch.<\/p>\n<p>Domy s\u00fa zv\u00fdhodnen\u00e9 t\u00fdm, \u017ee sa m\u00f4\u017ee odpo\u010d\u00edta\u0165 DPH a tak isto je tu mo\u017enos\u0165 6 ro\u010dn\u00fdch odpisov ako u automobil. N\u00e1vratnos\u0165 invest\u00edci\u00ed je v rozmedz\u00ed od 3 po 5 rokov.<\/p>\n<p>Na\u0161e domy pon\u00fakaj\u00fa unik\u00e1tnu mo\u017enos\u0165 str\u00e1vi\u0165 nezabudnute\u013en\u00fa dovolenku s pln\u00fdm komfortom apartm\u00e1nu. Hostia s\u00fa ubytovan\u00ed v dokonalom pohodl\u00ed \u201etiny house\u201c, s klimatiz\u00e1ciou, kompletn\u00fdm vybaven\u00edm domov, kde si m\u00f4\u017eu plnohodnotne u\u017e\u00edva\u0165 okolit\u00e9 prostredie a z\u00e1rove\u0148 ma\u0165 k dispoz\u00edcii luxusn\u00fa sp\u00e1l\u0148u, ob\u00fdva\u010dku, kuchynku a v neposlednom rade k\u00fape\u013e\u0148u s WC. Hostia nie s\u00fa odk\u00e1zan\u00ed na stany, spolo\u010dn\u00e9 sprchy a WC, alebo doch\u00e1dzanie za t\u00fdmito slu\u017ebami do hlavnej budovy.<\/p>\n<p>Koncept je \u013eahko aplikovate\u013en\u00fd na v\u00e4\u010d\u0161ine pozemkov a t\u00fdm p\u00e1dom sa za minim\u00e1lnych invest\u00edci\u00ed do povo\u013eovac\u00edch konan\u00ed a minimu legislat\u00edvnych bari\u00e9r dar\u00ed rozbehn\u00fa\u0165 kvalitn\u00fd dovolenkov\u00fd rezort sp\u013a\u0148aj\u00faci svetov\u00e9 \u0161tandardy kvality. \u010ci u\u017e formou roz\u0161\u00edrenia existuj\u00faceho podniku, alebo vytvoren\u00edm nov\u00e9ho rezortu.<\/p>\n<\/div><\/div><div class=\"w-separator size_small\"><\/div><div class=\"w-separator size_medium with_line width_default thick_1 style_solid color_border align_center\"><div class=\"w-separator-h\"><\/div><\/div><div class=\"g-cols wpb_row us_custom_729091bd via_grid cols_2 laptops-cols_2 tablets-cols_1 mobiles-cols_1 valign_middle type_default reversed stacking_default\" style=\"--gap:3rem;\"><div class=\"wpb_column vc_column_container\"><div class=\"vc_column-inner\"><h2 class=\"w-text\"><span class=\"w-text-h\"><span class=\"w-text-value\">Zar\u00e1ba\u0165 v cestovnom ruchu nebolo nikdy prijate\u013enej\u0161ie.<\/span><\/span><\/h2><div class=\"wpb_text_column\"><div class=\"wpb_wrapper\"><p>Zabudnite na nudn\u00e9 komer\u010dn\u00e9 nehnute\u013enosti s dlhoro\u010dnou n\u00e1vratnos\u0165ou invest\u00edci\u00ed, tvorte nie\u010do odli\u0161n\u00e9, zauj\u00edmav\u00e9 a hlavne ekonomicky prijate\u013en\u00e9. Pom\u00f4\u017eeme V\u00e1m s v\u00fdberom toho spr\u00e1vneho produktu pre va\u0161e ubytovanie, odovzd\u00e1me know-how a marketingov\u00e9 tipy na zv\u00fd\u0161enie z\u00e1ujmu po Va\u0161om ubytovan\u00ed.<\/p>\n<p>Sprav\u00edme z V\u00e1s n\u00e1\u0161ho exkluz\u00edvneho partnera na pren\u00e1jom a predaj na\u0161ich domov.<\/p>\n<\/div><\/div><\/div><\/div><div class=\"wpb_column vc_column_container\"><div class=\"vc_column-inner\"><div class=\"w-video align_none ratio_4x3 with_overlay has_iframe\" style=\"background-image:url(https:\/\/tinyhouses.travel\/wp-content\/uploads\/2023\/01\/mooblehouse-13.jpg);\" onclick=\"return {&quot;player_id&quot;:&quot;youtube-gfac&quot;,&quot;player_api&quot;:&quot;\\\/\\\/www.youtube.com\\\/player_api&quot;,&quot;player_html&quot;:&quot;&lt;div id=\\&quot;youtube-gfac\\&quot;&gt;&lt;\\\/div&gt;&lt;script&gt;\\r\\n\\t\\t\\tif ( window.USYTPlayers === undefined ) {\\r\\n\\t\\t\\t\\twindow.USYTPlayers = [];\\r\\n\\t\\t\\t}\\r\\n\\t\\t\\twindow.USYTPlayers.push( {\\r\\n\\t\\t\\t\\tplayerID: \\&quot;youtube-gfac\\&quot;,\\r\\n\\t\\t\\t\\tvideoID: \\&quot;WE2O3xCaKMQ\\&quot;,\\r\\n\\t\\t\\t\\tplayerVars: {\\&quot;autoplay\\&quot;:1,\\&quot;controls\\&quot;:1,\\&quot;origin\\&quot;:\\&quot;https:\\\\\\\/\\\\\\\/tinyhouses.travel\\\\\\\/sk\\&quot;,\\&quot;loop\\&quot;:0,\\&quot;mute\\&quot;:0,\\&quot;playlist\\&quot;:\\&quot;WE2O3xCaKMQ\\&quot;}\\r\\n\\t\\t\\t} );\\r\\n\\t\\t\\tif ( window.USYTInited === undefined ) {\\r\\n\\t\\t\\t\\t\\\/\\\/ Trying to override other possible WP YT API calls if our element is used\\r\\n\\t\\t\\t\\twindow.USYTInited = true;\\r\\n\\t\\t\\t\\twindow.onYouTubePlayerAPIReady = function() {\\r\\n\\t\\t\\t\\t\\tfor ( var i in window.USYTPlayers ) {\\r\\n\\t\\t\\t\\t\\t\\tvar _playerParams = window.USYTPlayers[ i ];\\r\\n\\t\\t\\t\\t\\t\\t$us.YTPlayers[ _playerParams.playerID ] = new YT.Player( _playerParams.playerID, {\\r\\n\\t\\t\\t\\t\\t\\t\\tvideoId: _playerParams.videoID,\\r\\n\\t\\t\\t\\t\\t\\t\\tplayerVars: _playerParams.playerVars\\r\\n\\t\\t\\t\\t\\t\\t} );\\r\\n\\t\\t\\t\\t\\t}\\r\\n\\t\\t\\t\\t}\\r\\n\\t\\t\\t}\\r\\n\\t\\t\\tif ( !! window.YT ) {\\r\\n\\t\\t\\t\\t$us.YTPlayers[\\&quot;youtube-gfac\\&quot;] = new YT.Player( \\&quot;youtube-gfac\\&quot;, {\\r\\n\\t\\t\\t\\t\\tvideoId: \\&quot;WE2O3xCaKMQ\\&quot;,\\r\\n\\t\\t\\t\\t\\tplayerVars: {\\&quot;autoplay\\&quot;:1,\\&quot;controls\\&quot;:1,\\&quot;origin\\&quot;:\\&quot;https:\\\\\\\/\\\\\\\/tinyhouses.travel\\\\\\\/sk\\&quot;,\\&quot;loop\\&quot;:0,\\&quot;mute\\&quot;:0,\\&quot;playlist\\&quot;:\\&quot;WE2O3xCaKMQ\\&quot;}\\r\\n\\t\\t\\t\\t} );\\r\\n\\t\\t\\t}\\r\\n\\t\\t&lt;\\\/script&gt;&quot;}\"><div class=\"w-video-h\"><\/div><div class=\"w-video-icon\" style=\"font-size:40px;background:var(--color-content-secondary);color:#fff\"><\/div><\/div><\/div><\/div><\/div><div class=\"w-separator size_large\"><\/div><h3 class=\"w-text us_custom_e93d73c3\"><span class=\"w-text-h\"><span class=\"w-text-value\">Zaujala V\u00e1s t\u00e1to forma investovania? Nev\u00e1hajte sa n\u00e1m ozva\u0165 a  radi V\u00e1m porad\u00edme.<\/span><\/span><\/h3><div class=\"g-cols wpb_row via_grid cols_1-3-1 laptops-cols_inherit tablets-cols_inherit mobiles-cols_1 valign_top type_default stacking_default\" style=\"--gap:3rem;\"><div class=\"wpb_column vc_column_container\"><div class=\"vc_column-inner\"><\/div><\/div><div class=\"wpb_column vc_column_container\"><div class=\"vc_column-inner\"><div class=\"w-html\"><div class=\"wpforms-container wpforms-container-full\" id=\"wpforms-1659\"><form id=\"wpforms-form-1659\" class=\"wpforms-validate wpforms-form wpforms-ajax-form\" data-formid=\"1659\" method=\"post\" enctype=\"multipart\/form-data\" action=\"\/sk\/wp-json\/wp\/v2\/pages\/1606\" data-token=\"3e39b723404e425ef3e87da1861e427d\"><noscript class=\"wpforms-error-noscript\">Please enable JavaScript in your browser to complete this form.<\/noscript><div class=\"wpforms-field-container\"><div id=\"wpforms-1659-field_7-container\" class=\"wpforms-field wpforms-field-hidden\" data-field-id=\"7\"><input type=\"hidden\" id=\"wpforms-1659-field_7\" name=\"wpforms[fields][7]\" value=\"https:\/\/tinyhouses.travel\/sk\/wp-json\/wp\/v2\/pages\/1606\"><\/div><div id=\"wpforms-1659-field_1-container\" class=\"wpforms-field wpforms-field-text\" data-field-id=\"1\"><label class=\"wpforms-field-label\" for=\"wpforms-1659-field_1\">Meno <span class=\"wpforms-required-label\">*<\/span><\/label><input type=\"text\" id=\"wpforms-1659-field_1\" class=\"wpforms-field-large wpforms-field-required\" name=\"wpforms[fields][1]\" placeholder=\"Va\u0161e meno pr\u00edpadne n\u00e1zov firmy\" required><\/div><div id=\"wpforms-1659-field_2-container\" class=\"wpforms-field wpforms-field-email\" data-field-id=\"2\"><label class=\"wpforms-field-label\" for=\"wpforms-1659-field_2\">Email <span class=\"wpforms-required-label\">*<\/span><\/label><input type=\"email\" id=\"wpforms-1659-field_2\" class=\"wpforms-field-large wpforms-field-required\" name=\"wpforms[fields][2]\" required><\/div><div id=\"wpforms-1659-field_3-container\" class=\"wpforms-field wpforms-field-phone\" data-field-id=\"3\"><label class=\"wpforms-field-label\" for=\"wpforms-1659-field_3\">Tel. \u010d\u00edslo <span class=\"wpforms-required-label\">*<\/span><\/label><input type=\"tel\" id=\"wpforms-1659-field_3\" class=\"wpforms-field-large wpforms-field-required wpforms-smart-phone-field\" data-rule-smart-phone-field=\"true\" name=\"wpforms[fields][3]\" placeholder=\"+4219\" required><\/div><div id=\"wpforms-1659-field_5-container\" class=\"wpforms-field wpforms-field-select wpforms-field-select-style-classic\" data-field-id=\"5\"><label class=\"wpforms-field-label\" for=\"wpforms-1659-field_5\">Kraj <span class=\"wpforms-required-label\">*<\/span><\/label><select id=\"wpforms-1659-field_5\" class=\"wpforms-field-large wpforms-field-required\" name=\"wpforms[fields][5]\" required=\"required\"><option value=\"Bratislavsk\u00fd\"  selected='selected'>Bratislavsk\u00fd<\/option><option value=\"Nitriansky\" >Nitriansky<\/option><option value=\"Trnavsk\u00fd\" >Trnavsk\u00fd<\/option><option value=\"Tren\u010diansky\" >Tren\u010diansky<\/option><option value=\"\u017dilinsk\u00fd\" >\u017dilinsk\u00fd<\/option><option value=\"Banskobystrick\u00fd\" >Banskobystrick\u00fd<\/option><option value=\"Pre\u0161ovsk\u00fd\" >Pre\u0161ovsk\u00fd<\/option><option value=\"Ko\u0161ick\u00fd\" >Ko\u0161ick\u00fd<\/option><\/select><div class=\"wpforms-field-description\">S ak\u00e9ho ste pros\u00edm kraja? <\/div><\/div><div id=\"wpforms-1659-field_4-container\" class=\"wpforms-field wpforms-field-textarea\" data-field-id=\"4\"><label class=\"wpforms-field-label\" for=\"wpforms-1659-field_4\">Spr\u00e1va<\/label><textarea id=\"wpforms-1659-field_4\" class=\"wpforms-field-medium\" name=\"wpforms[fields][4]\" placeholder=\"M\u00e1te ot\u00e1zky pr\u00edpadne z\u00e1ujem o cenov\u00fa ponuku \u010di konzult\u00e1ciu? Nap\u00ed\u0161te n\u00e1m ... \" ><\/textarea><\/div><div id=\"wpforms-1659-field_6-container\" class=\"wpforms-field wpforms-field-checkbox\" data-field-id=\"6\"><label class=\"wpforms-field-label wpforms-label-hide\" for=\"wpforms-1659-field_6\">Ochrana osobn\u00fdch \u00fadajov <span class=\"wpforms-required-label\">*<\/span><\/label><ul id=\"wpforms-1659-field_6\" class=\"wpforms-field-required\"><li class=\"choice-1 depth-1\"><input type=\"checkbox\" id=\"wpforms-1659-field_6_1\" name=\"wpforms[fields][6][]\" value=\"Obozn\u00e1mil som sa a s\u00fahlas\u00edm s &lt;a href=&quot;\/ochrana-osobnych-udajov\/&quot; target=&quot;_blank&quot;&gt;spracovan\u00edm osobn\u00fdch \u00fadajov&lt;\/a&gt; \" required ><label class=\"wpforms-field-label-inline\" for=\"wpforms-1659-field_6_1\">Obozn\u00e1mil som sa a s\u00fahlas\u00edm s <a href=\"\/ochrana-osobnych-udajov\/\" target=\"_blank\">spracovan\u00edm osobn\u00fdch \u00fadajov<\/a> <\/label><\/li><\/ul><\/div><\/div><input type=\"hidden\" name=\"wpforms[recaptcha]\" value=\"\"><div class=\"wpforms-submit-container\"><input type=\"hidden\" name=\"wpforms[id]\" value=\"1659\"><input type=\"hidden\" name=\"wpforms[author]\" value=\"4\"><button type=\"submit\" name=\"wpforms[submit]\" id=\"wpforms-submit-1659\" class=\"wpforms-submit\" data-alt-text=\"Odosielam ...\" data-submit-text=\"Odosla\u0165 spr\u00e1vu\" aria-live=\"assertive\" value=\"wpforms-submit\">Odosla\u0165 spr\u00e1vu<\/button><img loading=\"lazy\" decoding=\"async\" src=\"https:\/\/tinyhouses.travel\/wp-content\/plugins\/wpforms\/assets\/images\/submit-spin.svg\" class=\"wpforms-submit-spinner\" style=\"display: none;\" width=\"26\" height=\"26\" alt=\"Loading\"><\/div><\/form><\/div>  <!-- .wpforms-container --><\/div><div class=\"w-separator size_medium\"><\/div><\/div><\/div><div class=\"wpb_column vc_column_container\"><div class=\"vc_column-inner\"><\/div><\/div><\/div><\/div><\/div><\/div><\/div><\/section>\n","protected":false},"excerpt":{"rendered":"","protected":false},"author":3,"featured_media":0,"parent":0,"menu_order":0,"comment_status":"closed","ping_status":"closed","template":"","meta":{"footnotes":""},"class_list":["post-1606","page","type-page","status-publish","hentry"],"acf":[],"_links":{"self":[{"href":"https:\/\/tinyhouses.travel\/sk\/wp-json\/wp\/v2\/pages\/1606","targetHints":{"allow":["GET"]}}],"collection":[{"href":"https:\/\/tinyhouses.travel\/sk\/wp-json\/wp\/v2\/pages"}],"about":[{"href":"https:\/\/tinyhouses.travel\/sk\/wp-json\/wp\/v2\/types\/page"}],"author":[{"embeddable":true,"href":"https:\/\/tinyhouses.travel\/sk\/wp-json\/wp\/v2\/users\/3"}],"replies":[{"embeddable":true,"href":"https:\/\/tinyhouses.travel\/sk\/wp-json\/wp\/v2\/comments?post=1606"}],"version-history":[{"count":39,"href":"https:\/\/tinyhouses.travel\/sk\/wp-json\/wp\/v2\/pages\/1606\/revisions"}],"predecessor-version":[{"id":1940,"href":"https:\/\/tinyhouses.travel\/sk\/wp-json\/wp\/v2\/pages\/1606\/revisions\/1940"}],"wp:attachment":[{"href":"https:\/\/tinyhouses.travel\/sk\/wp-json\/wp\/v2\/media?parent=1606"}],"curies":[{"name":"wp","href":"https:\/\/api.w.org\/{rel}","templated":true}]}}